{"id":13752,"date":"2020-10-07T09:25:26","date_gmt":"2020-10-07T02:25:26","guid":{"rendered":"https:\/\/reti.vn\/blog\/?page_id=13752"},"modified":"2020-10-07T09:28:43","modified_gmt":"2020-10-07T02:28:43","slug":"tu-van-phat-trien-du-an","status":"publish","type":"page","link":"https:\/\/reti.vn\/blog\/tu-van-phat-trien-du-an\/","title":{"rendered":"T\u01b0 v\u1ea5n ph\u00e1t tri\u1ec3n d\u1ef1 \u00e1n"},"content":{"rendered":"<p><svg xmlns=\"http:\/\/www.w3.org\/2000\/svg\" width=\"25\" height=\"13\" viewBox=\"0 0 25 13\" fill=\"none\"><path d=\"M11.3346 12.5519L0.422034 2.01219C0.361743 1.96043 0.321549 1.90866 0.274657 1.85043C0.207667 1.77926 0.147377 1.70162 0.107183 1.61751C0.0937852 1.59163 0.0803873 1.55928 0.0669894 1.52693C0.0334947 1.43635 0.0133979 1.34577 0.00669894 1.25519C0 1.22284 0 1.18402 0 1.1452C0 1.06756 0.0267958 0.989918 0.0468926 0.912277C0.0602905 0.873457 0.0669894 0.821696 0.0870863 0.782876C0.140678 0.679355 0.207667 0.575834 0.301452 0.485254C0.535916 0.232922 0.884261 0.0517604 1.2929 0L23.7746 0.00647005C24.8665 0.00647005 25.4091 1.28107 24.6387 2.02513L13.7261 12.5648C13.1232 13.1536 11.9643 13.1407 11.3346 12.5519Z\" fill=\"#EF5B40\"><\/path><\/svg>\t\t\t<\/p>\n<h2>T\u01b0 v\u1ea5n v\u00e0 ph\u00e1t tri\u1ec3n d\u1ef1 \u00e1n<\/h2>\n<p>S\u1edf h\u1eefu ngu\u1ed3n c\u01a1 s\u1edf d\u1eef li\u1ec7u B\u0110S c\u1eadp nh\u1eadt li\u00ean t\u1ee5c theo th\u1ef1c t\u1ebf th\u1ecb tr\u01b0\u1eddng, c\u00f9ng \u0111\u1ed9i ng\u0169 chuy\u00ean gia gi\u00e0u kinh nghi\u1ec7m, RETI s\u1ebd \u0111\u1ed3ng h\u00e0nh v\u1edbi ch\u1ee7 \u0111\u1ea7u t\u01b0 t\u1eeb b\u01b0\u1edbc l\u00ean \u00fd t\u01b0\u1edfng ph\u00e1t tri\u1ec3n, \u0111\u1ea7u t\u01b0 d\u1ef1 \u00e1n \u0111\u1ebf chi\u1ebfn l\u01b0\u1ee3c ti\u1ebfp th\u1ecb &#8211; ph\u00e2n ph\u1ed1i. <br \/>\u0110i\u1ec3m kh\u00e1c bi\u1ec7t c\u1ee7a RETI l\u00e0 \u1ee9ng d\u1ee5ng c\u00f4ng ngh\u1ec7 v\u00e0o c\u00e1c gi\u1ea3i ph\u00e1p t\u01b0 v\u1ea5n &#8211; qu\u1ea3n l\u00fd b\u00e1n h\u00e0ng, gi\u00fap ch\u1ee7 \u0111\u1ea7u t\u01b0 ph\u00e1t tri\u1ec3n d\u1ef1 \u00e1n \u0111\u1ea1t hi\u1ec7u qu\u1ea3 cao nh\u1ea5t.<\/p>\n<p>\t\t\t\t\t\t\t\t\t\t<img decoding=\"async\" width=\"800\" height=\"443\" data-src=\"https:\/\/reti.vn\/blog\/wp-content\/uploads\/2020\/10\/sunshine-city-banner-1-1024x567.jpg\" alt=\"\" data-srcset=\"https:\/\/reti.vn\/blog\/wp-content\/uploads\/2020\/10\/sunshine-city-banner-1-1024x567.jpg 1024w, https:\/\/reti.vn\/blog\/wp-content\/uploads\/2020\/10\/sunshine-city-banner-1-300x166.jpg 300w, https:\/\/reti.vn\/blog\/wp-content\/uploads\/2020\/10\/sunshine-city-banner-1-768x426.jpg 768w, https:\/\/reti.vn\/blog\/wp-content\/uploads\/2020\/10\/sunshine-city-banner-1-1536x851.jpg 1536w, https:\/\/reti.vn\/blog\/wp-content\/uploads\/2020\/10\/sunshine-city-banner-1.jpg 1920w\" data-sizes=\"auto, (max-width: 800px) 100vw, 800px\" src=\"data:image\/svg+xml;base64,PHN2ZyB3aWR0aD0iMSIgaGVpZ2h0PSIxIiB4bWxucz0iaHR0cDovL3d3dy53My5vcmcvMjAwMC9zdmciPjwvc3ZnPg==\" class=\"lazyload\" style=\"--smush-placeholder-width: 800px; --smush-placeholder-aspect-ratio: 800\/443;\">\t\t\t\t\t\t\t\t\t\t\t<\/p>\n<h1>\u201c Tr\u1edf th\u00e0nh \u0111\u1ea1i l\u00fd c\u1ee7a RETI<br \/>\nNgh\u0129a l\u00e0 b\u1ea1n tr\u1edf th\u00e0nh m\u1ed9t RETIAN\u201d<\/h1>\n<p>\t\t\t<svg xmlns=\"http:\/\/www.w3.org\/2000\/svg\" width=\"25\" height=\"13\" viewBox=\"0 0 25 13\" fill=\"none\"><path d=\"M11.3346 12.5519L0.422034 2.01219C0.361743 1.96043 0.321549 1.90866 0.274657 1.85043C0.207667 1.77926 0.147377 1.70162 0.107183 1.61751C0.0937852 1.59163 0.0803873 1.55928 0.0669894 1.52693C0.0334947 1.43635 0.0133979 1.34577 0.00669894 1.25519C0 1.22284 0 1.18402 0 1.1452C0 1.06756 0.0267958 0.989918 0.0468926 0.912277C0.0602905 0.873457 0.0669894 0.821696 0.0870863 0.782876C0.140678 0.679355 0.207667 0.575834 0.301452 0.485254C0.535916 0.232922 0.884261 0.0517604 1.2929 0L23.7746 0.00647005C24.8665 0.00647005 25.4091 1.28107 24.6387 2.02513L13.7261 12.5648C13.1232 13.1536 11.9643 13.1407 11.3346 12.5519Z\" fill=\"#EF5B40\"><\/path><\/svg>\t\t\t<\/p>\n<h2>C\u00e1c d\u1ecbch v\u1ee5 m\u00e0<br \/>RETI cung c\u1ea5p<\/h2>\n<figure><img decoding=\"async\" width=\"75\" height=\"75\" data-src=\"https:\/\/reti.vn\/blog\/wp-content\/uploads\/2020\/10\/capital-1.png\" alt=\"\" src=\"data:image\/svg+xml;base64,PHN2ZyB3aWR0aD0iMSIgaGVpZ2h0PSIxIiB4bWxucz0iaHR0cDovL3d3dy53My5vcmcvMjAwMC9zdmciPjwvc3ZnPg==\" class=\"lazyload\" style=\"--smush-placeholder-width: 75px; --smush-placeholder-aspect-ratio: 75\/75;\"><\/figure>\n<p>T\u01b0 v\u1ea5n v\u00e0 ph\u00e1t tri\u1ec3n <br \/> s\u1ea3n ph\u1ea9m B\u0110S<\/p>\n<figure><img decoding=\"async\" width=\"75\" height=\"75\" data-src=\"https:\/\/reti.vn\/blog\/wp-content\/uploads\/2020\/10\/capital-venture-1.png\" alt=\"\" src=\"data:image\/svg+xml;base64,PHN2ZyB3aWR0aD0iMSIgaGVpZ2h0PSIxIiB4bWxucz0iaHR0cDovL3d3dy53My5vcmcvMjAwMC9zdmciPjwvc3ZnPg==\" class=\"lazyload\" style=\"--smush-placeholder-width: 75px; --smush-placeholder-aspect-ratio: 75\/75;\"><\/figure>\n<p>t\u01b0 v\u1ea5n x\u00e1c d\u1ecbnh lo\u1ea1i h\u00ecnh <br \/> quy m\u00f4 ph\u00e1t tri\u1ec3n<\/p>\n<figure><img decoding=\"async\" width=\"75\" height=\"75\" data-src=\"https:\/\/reti.vn\/blog\/wp-content\/uploads\/2020\/10\/contract-1.png\" alt=\"\" src=\"data:image\/svg+xml;base64,PHN2ZyB3aWR0aD0iMSIgaGVpZ2h0PSIxIiB4bWxucz0iaHR0cDovL3d3dy53My5vcmcvMjAwMC9zdmciPjwvc3ZnPg==\" class=\"lazyload\" style=\"--smush-placeholder-width: 75px; --smush-placeholder-aspect-ratio: 75\/75;\"><\/figure>\n<p>T\u01b0 v\u1ea5n th\u1ef1c hi\u1ec7n th\u1ee7 t\u1ee5c ph\u00e1p l\u00fd <br \/>d\u1ef1 \u00e1n \u0111\u1ec3 tri\u1ec3n khai b\u00e1n h\u00e0ng<\/p>\n<figure><img decoding=\"async\" width=\"75\" height=\"75\" data-src=\"https:\/\/reti.vn\/blog\/wp-content\/uploads\/2020\/10\/investment-1.png\" alt=\"\" src=\"data:image\/svg+xml;base64,PHN2ZyB3aWR0aD0iMSIgaGVpZ2h0PSIxIiB4bWxucz0iaHR0cDovL3d3dy53My5vcmcvMjAwMC9zdmciPjwvc3ZnPg==\" class=\"lazyload\" style=\"--smush-placeholder-width: 75px; --smush-placeholder-aspect-ratio: 75\/75;\"><\/figure>\n<p>Kh\u1ea3o s\u00e1t th\u1ecb tr\u01b0\u1eddng v\u00e0 t\u01b0 v\u1ea5n <br \/>ch\u00ednh s\u00e1ch, gi\u00e1 b\u00e1n ph\u00f9 h\u1ee3p<\/p>\n<figure><img decoding=\"async\" width=\"75\" height=\"75\" data-src=\"https:\/\/reti.vn\/blog\/wp-content\/uploads\/2020\/10\/service-1.png\" alt=\"\" src=\"data:image\/svg+xml;base64,PHN2ZyB3aWR0aD0iMSIgaGVpZ2h0PSIxIiB4bWxucz0iaHR0cDovL3d3dy53My5vcmcvMjAwMC9zdmciPjwvc3ZnPg==\" class=\"lazyload\" style=\"--smush-placeholder-width: 75px; --smush-placeholder-aspect-ratio: 75\/75;\"><\/figure>\n<p>X\u00e2y d\u1ef1ng chi\u1ebfn l\u01b0\u1ee3c kinh<br \/> doanh, ph\u00e2n ph\u1ed1i v\u00e0 qu\u1ea3ng b\u00e1<\/p>\n<p>\t\t\t<svg xmlns=\"http:\/\/www.w3.org\/2000\/svg\" width=\"25\" height=\"13\" viewBox=\"0 0 25 13\" fill=\"none\"><path d=\"M11.3346 12.5519L0.422034 2.01219C0.361743 1.96043 0.321549 1.90866 0.274657 1.85043C0.207667 1.77926 0.147377 1.70162 0.107183 1.61751C0.0937852 1.59163 0.0803873 1.55928 0.0669894 1.52693C0.0334947 1.43635 0.0133979 1.34577 0.00669894 1.25519C0 1.22284 0 1.18402 0 1.1452C0 1.06756 0.0267958 0.989918 0.0468926 0.912277C0.0602905 0.873457 0.0669894 0.821696 0.0870863 0.782876C0.140678 0.679355 0.207667 0.575834 0.301452 0.485254C0.535916 0.232922 0.884261 0.0517604 1.2929 0L23.7746 0.00647005C24.8665 0.00647005 25.4091 1.28107 24.6387 2.02513L13.7261 12.5648C13.1232 13.1536 11.9643 13.1407 11.3346 12.5519Z\" fill=\"#EF5B40\"><\/path><\/svg>\t\t\t<\/p>\n<h2>G\u1eb7p g\u1ee1 chi\u1ebfn l\u01b0\u1ee3c gia<br \/>c\u1ee7a RETI<\/h2>\n<p>\t\t\t\t\tNguy\u1ec5n Duy H\u01b0ng<br \/> Chuy\u00ean vi\u00ean kinh doanh B\u0110STham gia v\u00e0o RETI t\u1eeb th\u00e1ng 8\/2019 &#8211; Giao d\u1ecbch trong n\u0103m 2019 35,5 t\u1ec9<br \/>\n<br \/>\nS\u1ed1 l\u01b0\u1ee3ng giao d\u1ecbch 7<\/p>\n<hr style=\"margin:30px;\">\nT\u00f4i \u0111\u00e1nh gi\u00e1 cao nh\u1eefng g\u00ec m\u00e0 Co-founder v\u00e0 CEO c\u1ee7a RETI \u0111\u00e3 ph\u00e1t<br \/>\ntri\u1ec3n \u2013 m\u1ed9t h\u1ec7 th\u1ed1ng k\u1ebft n\u1ed1i t\u1ea5t c\u1ea3 nh\u1eefng m\u00f4i gi\u1edbi l\u1ea1i v\u1edbi nhau, \u0111\u1ec3 c\u00f9ng<br \/>\nnhau tr\u1edf th\u00e0nh nh\u1eefng nh\u00e0 ph\u00e2n ph\u1ed1i t\u1ed1t nh\u1ea5t trong kh\u1ea3 n\u0103ng c\u1ee7a m\u00ecnh.<br \/>\nT\u00f4i th\u1ef1c s\u1ef1 \u1ea5n t\u01b0\u1ee3ng v\u1edbi t\u1ea7m nh\u00ecn c\u1ee7a h\u1ecd v\u00e0 t\u00f4i tin r\u1eb1ng RETI ho\u00e0n to\u00e0n<br \/>\nc\u00f3 th\u1ec3 tr\u1edf th\u00e0nh m\u1ed9t Amazon c\u1ee7a B\u0110S.<br \/>\nGi\u1edd \u0111\u00e2y t\u00f4i c\u00f3 th\u1ec3 t\u1eadp trung ho\u00e0n to\u00e0n th\u1eddi gian c\u1ee7a m\u00ecnh v\u00e0o vi\u1ec7c<br \/>\nch\u0103m s\u00f3c v\u00e0 t\u01b0 v\u1ea5n kh\u00e1ch h\u00e0ng s\u1eb5n c\u00f3 trong h\u1ec7 th\u1ed1ng, thay v\u00ec ph\u00e2n b\u1ed5<br \/>\nth\u1eddi gian l\u00e0m t\u1ea5t c\u1ea3 m\u1ecdi vi\u1ec7c nh\u01b0 tr\u01b0\u1edbc kia: \u0111i t\u00ecm ki\u1ebfm s\u1ea3n ph\u1ea9m,<br \/>\ntruy\u1ec1n th\u00f4ng, qu\u1ea3ng c\u00e1o,\u2026<a href=\"https:\/\/agent.reti.vn\/cong-dong-retian\/\">\u0110\u1ed7 Th\u00e0nh Chung<br \/> C\u1ed1 v\u1ea5n c\u1ea5p caoTham gia v\u00e0o RETI t\u1eeb th\u00e1ng 4\/2019 &#8211; Giao d\u1ecbch trong n\u0103m 2019 11,5 t\u1ec9<br \/>\n S\u1ed1 l\u01b0\u1ee3ng giao d\u1ecbch 7<br \/>\n<br \/>\n\u201cV\u1edbi RETI ch\u00fang t\u00f4i c\u00f3 m\u1ed9t h\u1ec7 th\u1ed1ng \u0111\u1ea1i l\u00fd ch\u00e2n r\u1ebft m\u1ea1nh m\u1ebd tr\u00ean<br \/>\nkh\u1eafp c\u1ea3 n\u01b0\u1edbc\u201d<\/p>\n<hr style=\"margin:30px;\">\nT\u00f4i v\u1ed1n l\u00e0 m\u1ed9t c\u1ed1 v\u1ea5n t\u1ef1 ch\u1ee7, kh\u00f4ng l\u00e0m vi\u1ec7c cho m\u1ed9t t\u1ed5 ch\u1ee9c c\u1ee5 th\u1ec3<br \/>\nn\u00e0o cho t\u1edbi khi g\u1eb7p CEO c\u1ee7a RETI, t\u00f4i b\u1ecb thuy\u1ebft ph\u1ee5c ho\u00e0n to\u00e0n tr\u01b0\u1edbc<br \/>\nnh\u1eefng g\u00ec h\u1ecd \u0111ang c\u1ed1 g\u1eafng th\u1ef1c hi\u1ec7n. Ngay kho\u1ea3nh kh\u1eafc \u0111\u00f3, t\u00f4i \u0111\u00e3<br \/>\nquy\u1ebft \u0111\u1ecbnh tham gia v\u00e0o RETI. H\u1ea7u h\u1ebft c\u00e1c kh\u00e1ch h\u00e0ng \u0111\u1ec1u mu\u1ed1n bi\u1ebft<br \/>\ndanh s\u00e1ch s\u1ea3n ph\u1ea9m ph\u00f9 h\u1ee3p v\u1edbi nhu c\u1ea7u c\u1ee7a h\u1ecd m\u00e0 b\u1ea1n c\u00f3 th\u1ec3 cung<br \/>\nc\u1ea5p. V\u1edbi RETI, ch\u00fang t\u00f4i \u0111\u00e3 c\u00f3 m\u1ed9t h\u1ec7 th\u1ed1ng \u0111\u1ea1i l\u00fd ch\u00e2n r\u1ebft m\u1ea1nh m\u1ebd<br \/>\ntr\u00ean kh\u1eafp c\u1ea3 n\u01b0\u1edbc.<\/a><a href=\"https:\/\/agent.reti.vn\/cong-dong-retian\/\">Cao Duy Kh\u00e1nh<br \/> C\u1ed1 v\u1ea5n c\u1ea5p caoTham gia v\u00e0o RETI t\u1eeb th\u00e1ng 6\/2019 &#8211; Giao d\u1ecbch trong n\u0103m 2019 19,8 t\u1ec9<br \/>\n S\u1ed1 l\u01b0\u1ee3ng giao d\u1ecbch 5<br \/>\n\u201cRETI \u0111\u00e3 cho t\u00f4i m\u1ed9t n\u1ec1n t\u1ea3ng t\u1ed1t h\u01a1n \u0111\u1ec3 \u0111i\u1ec1u h\u00e0nh v\u00e0 h\u1ed7 tr\u1ee3 \u0111\u1ed9i nh\u00f3m<br \/>\nc\u1ee7a m\u00ecnh\u201d<\/p>\n<hr style=\"margin:30px;\">\nT\u00f4i \u0111\u00e3 qu\u1ea3n l\u00fd doanh nghi\u1ec7p c\u1ee7a m\u00ecnh h\u01a1n 4 n\u0103m nay v\u00e0 kh\u00f4ng bi\u1ebft \u0111\u00e3<br \/>\nt\u1eebng c\u1ed1 g\u1eafng t\u00ecm ki\u1ebfm v\u00e0 chi tr\u1ea3 bao nhi\u00eau ti\u1ec1n cho nh\u1eefng gi\u1ea3i ph\u00e1p<br \/>\nc\u00f4ng ngh\u1ec7, nh\u1eb1m gi\u00fap vi\u1ec7c ho\u1ea1t \u0111\u1ed9ng tr\u1edf n\u00ean tr\u00f4i ch\u1ea3y h\u01a1n. Ngay sau<br \/>\ncu\u1ed9c g\u1eb7p g\u1ee1 v\u00e0 trao \u0111\u1ed5i l\u1ea7n \u0111\u1ea7u v\u1edbi RETI, t\u00f4i \u0111\u00e3 bi\u1ebft ch\u1eafc m\u00ecnh c\u1ea7n<br \/>\nph\u1ea3i l\u00e0m g\u00ec. RETI \u0111\u00e3 cho t\u00f4i m\u1ed9t n\u1ec1n t\u1ea3ng t\u1ed1t h\u01a1n \u0111\u1ec3 \u0111i\u1ec1u h\u00e0nh v\u00e0 h\u1ed7<br \/>\ntr\u1ee3 \u0111\u1ed9i nh\u00f3m c\u1ee7a m\u00ecnh, v\u00e0 \u0111\u00f3 c\u0169ng l\u00e0 c\u00e1ch t\u1ed1t nh\u1ea5t \u0111\u1ec3 ph\u1ee5c v\u1ee5 kh\u00e1ch<br \/>\nh\u00e0ng c\u1ee7a t\u00f4i t\u1ed1t h\u01a1n. \u0110\u1ed9i nh\u00f3m c\u1ee7a t\u00f4i hi\u1ec7n gi\u1edd l\u00e0m vi\u1ec7c c\u00f9ng nhau<br \/>\nhi\u1ec7u qu\u1ea3 v\u00e0 d\u1ec5 d\u00e0ng h\u01a1n r\u1ea5t nhi\u1ec1u so v\u1edbi tr\u01b0\u1edbc kia.<\/a><br \/>\n\t\t\t\t\t\t\tPrevious<br \/>\n\t\t\t\t\t\t\tNext<br \/>\n\t\t\t<svg xmlns=\"http:\/\/www.w3.org\/2000\/svg\" width=\"30\" height=\"16\" viewBox=\"0 0 30 16\" fill=\"none\"><path d=\"M13.6015 15.4485L0.50644 2.47654C0.434092 2.41283 0.385859 2.34913 0.329588 2.27746C0.249201 2.18986 0.176852 2.09431 0.12862 1.99078C0.112542 1.95893 0.0964648 1.91912 0.0803873 1.8793C0.0401937 1.76782 0.0160775 1.65633 0.00803873 1.54485C0 1.50503 0 1.45725 0 1.40948C0 1.31392 0.0321549 1.21836 0.0562711 1.1228C0.0723486 1.07502 0.0803873 1.01132 0.104504 0.96354C0.168813 0.836129 0.249201 0.708719 0.361743 0.597235C0.643099 0.286673 1.06111 0.0637051 1.55148 0L28.5295 0.00796314C29.8398 0.00796314 30.4909 1.5767 29.5665 2.49246L16.4714 15.4644C15.7479 16.1891 14.3572 16.1731 13.6015 15.4485Z\" fill=\"#EF5B40\"><\/path><\/svg>\t\t\t<\/p>\n<h2>\u0110\u0103ng k\u00fd nh\u1eadn t\u01b0 v\u1ea5n ngay<\/h2>\n","protected":false},"excerpt":{"rendered":"<p>T\u01b0 v\u1ea5n v\u00e0 ph\u00e1t tri\u1ec3n d\u1ef1 \u00e1n S\u1edf h\u1eefu ngu\u1ed3n c\u01a1 s\u1edf d\u1eef li\u1ec7u B\u0110S c\u1eadp nh\u1eadt li\u00ean t\u1ee5c theo th\u1ef1c t\u1ebf th\u1ecb tr\u01b0\u1eddng, c\u00f9ng \u0111\u1ed9i ng\u0169 chuy\u00ean gia gi\u00e0u kinh nghi\u1ec7m, RETI s\u1ebd \u0111\u1ed3ng h\u00e0nh v\u1edbi ch\u1ee7 \u0111\u1ea7u t\u01b0 t\u1eeb b\u01b0\u1edbc l\u00ean \u00fd t\u01b0\u1edfng ph\u00e1t tri\u1ec3n, \u0111\u1ea7u t\u01b0 d\u1ef1 \u00e1n \u0111\u1ebf chi\u1ebfn l\u01b0\u1ee3c ti\u1ebfp [&hellip;]<\/p>\n","protected":false},"author":36,"featured_media":0,"parent":0,"menu_order":0,"comment_status":"closed","ping_status":"closed","template":"","meta":{"tdm_status":"","tdm_grid_status":"","footnotes":""},"class_list":["post-13752","page","type-page","status-publish"],"_links":{"self":[{"href":"https:\/\/reti.vn\/blog\/wp-json\/wp\/v2\/pages\/13752","targetHints":{"allow":["GET"]}}],"collection":[{"href":"https:\/\/reti.vn\/blog\/wp-json\/wp\/v2\/pages"}],"about":[{"href":"https:\/\/reti.vn\/blog\/wp-json\/wp\/v2\/types\/page"}],"author":[{"embeddable":true,"href":"https:\/\/reti.vn\/blog\/wp-json\/wp\/v2\/users\/36"}],"replies":[{"embeddable":true,"href":"https:\/\/reti.vn\/blog\/wp-json\/wp\/v2\/comments?post=13752"}],"version-history":[{"count":0,"href":"https:\/\/reti.vn\/blog\/wp-json\/wp\/v2\/pages\/13752\/revisions"}],"wp:attachment":[{"href":"https:\/\/reti.vn\/blog\/wp-json\/wp\/v2\/media?parent=13752"}],"curies":[{"name":"wp","href":"https:\/\/api.w.org\/{rel}","templated":true}]}}