{"id":16979,"date":"2020-11-27T09:56:39","date_gmt":"2020-11-27T02:56:39","guid":{"rendered":"https:\/\/reti.vn\/blog\/?page_id=16979"},"modified":"2021-01-21T16:24:14","modified_gmt":"2021-01-21T09:24:14","slug":"phat-trien-bat-dong-san","status":"publish","type":"page","link":"https:\/\/reti.vn\/blog\/phat-trien-bat-dong-san\/","title":{"rendered":"Ph\u00e1t tri\u1ec3n b\u1ea5t \u0111\u1ed9ng s\u1ea3n"},"content":{"rendered":"\n<p><\/p>\n\n\n\n<div class=\"wp-block-cover alignfull is-position-center-center lazyload\" style=\"background-image:inherit;min-height:375px;aspect-ratio:unset;\" data-bg-image=\"url(https:\/\/reti.vn\/blog\/wp-content\/uploads\/2020\/11\/image-1-2-1.png)\"><div class=\"wp-block-cover__inner-container is-layout-flow wp-block-cover-is-layout-flow\">\n<h1 class=\"has-text-align-center wp-block-heading\">Ph\u00e1t tri\u1ec3n b\u1ea5t \u0111\u1ed9ng s\u1ea3n<\/h1>\n<\/div><\/div>\n\n\n\n<div class=\"wp-block-columns alignwide are-vertically-aligned-top khoi-margin-am is-layout-flex wp-container-core-columns-is-layout-9d6595d7 wp-block-columns-is-layout-flex\">\n<div class=\"wp-block-column is-vertically-aligned-top is-layout-flow wp-block-column-is-layout-flow\">\n<div class=\"wp-block-group has-black-color has-white-background-color has-text-color has-background\"><div class=\"wp-block-group__inner-container is-layout-flow wp-block-group-is-layout-flow\">\n<div class=\"wp-block-columns is-layout-flex wp-container-core-columns-is-layout-9d6595d7 wp-block-columns-is-layout-flex\">\n<div class=\"wp-block-column is-layout-flow wp-block-column-is-layout-flow\">\n<h2 class=\"wp-block-heading\">Chuy\u00ean gia ph\u00e1t tri\u1ec3n b\u1ea5t \u0111\u1ed9ng s\u1ea3n h\u00e0ng \u0111\u1ea7u<\/h2>\n\n\n\n<p>\u0110\u1ed9i ng\u0169 chuy\u00ean gia gi\u00e0u kinh nghi\u1ec7m c\u1ee7a RETI s\u1ebd \u0111\u1ed3ng h\u00e0nh v\u1edbi ch\u1ee7 \u0111\u1ea7u t\u01b0 t\u1eeb b\u01b0\u1edbc l\u00ean \u00fd t\u01b0\u1edfng ph\u00e1t tri\u1ec3n, \u0111\u1ea7u t\u01b0 d\u1ef1 \u00e1n \u0111\u1ebfn chi\u1ebfn l\u01b0\u1ee3c ti\u1ebfp th\u1ecb \u2013 ph\u00e2n ph\u1ed1i. RETI b\u1eb1ng nh\u1eefng ph\u00e2n t\u00edch, \u0111\u00e1nh gi\u00e1 chuy\u00ean s\u00e2u s\u1ebd x\u00e1c \u0111\u1ecbnh chi\u1ebfn l\u01b0\u1ee3c ph\u00e1t tri\u1ec3n ph\u00f9 h\u1ee3p nh\u1ea5t cho d\u1ef1 \u00e1n, \u0111\u1ea3m b\u1ea3o hi\u1ec7u qu\u1ea3 \u0111\u1ea7u t\u01b0 t\u1ed1i \u01b0u cho ch\u1ee7 \u0111\u1ea7u t\u01b0<\/p>\n<\/div>\n\n\n\n<div class=\"wp-block-column is-layout-flow wp-block-column-is-layout-flow\">\n<figure class=\"wp-block-image size-large\"><img decoding=\"async\" width=\"1024\" height=\"684\" data-src=\"https:\/\/reti.vn\/blog\/wp-content\/uploads\/2020\/06\/18093395_s-1.jpg\" alt=\"\" class=\"wp-image-6908 lazyload\" data-srcset=\"https:\/\/reti.vn\/blog\/wp-content\/uploads\/2020\/06\/18093395_s-1.jpg 1024w, https:\/\/reti.vn\/blog\/wp-content\/uploads\/2020\/06\/18093395_s-1-300x200.jpg 300w, https:\/\/reti.vn\/blog\/wp-content\/uploads\/2020\/06\/18093395_s-1-768x513.jpg 768w\" data-sizes=\"(max-width: 1024px) 100vw, 1024px\" src=\"data:image\/svg+xml;base64,PHN2ZyB3aWR0aD0iMSIgaGVpZ2h0PSIxIiB4bWxucz0iaHR0cDovL3d3dy53My5vcmcvMjAwMC9zdmciPjwvc3ZnPg==\" style=\"--smush-placeholder-width: 1024px; --smush-placeholder-aspect-ratio: 1024\/684;\" \/><\/figure>\n<\/div>\n<\/div>\n<\/div><\/div>\n\n\n\n<p><\/p>\n<\/div>\n<\/div>\n\n\n\n<div style=\"height:60px\" aria-hidden=\"true\" class=\"wp-block-spacer\"><\/div>\n\n\n\n<div class=\"wp-block-columns alignwide are-vertically-aligned-top is-layout-flex wp-container-core-columns-is-layout-9d6595d7 wp-block-columns-is-layout-flex\">\n<div class=\"wp-block-column is-vertically-aligned-top is-layout-flow wp-block-column-is-layout-flow\">\n<div class=\"wp-block-group padding-40 has-black-color has-white-background-color has-text-color has-background\"><div class=\"wp-block-group__inner-container is-layout-flow wp-block-group-is-layout-flow\">\n<div class=\"wp-block-columns is-layout-flex wp-container-core-columns-is-layout-9d6595d7 wp-block-columns-is-layout-flex\">\n<div class=\"wp-block-column is-layout-flow wp-block-column-is-layout-flow\">\n<h2 class=\"wp-block-heading\">Chuy\u00ean gia ph\u00e1t tri\u1ec3n b\u1ea5t \u0111\u1ed9ng s\u1ea3n h\u00e0ng \u0111\u1ea7u<\/h2>\n\n\n\n<p>\u0110\u1ed9i ng\u0169 chuy\u00ean gia gi\u00e0u kinh nghi\u1ec7m c\u1ee7a RETI s\u1ebd \u0111\u1ed3ng h\u00e0nh v\u1edbi ch\u1ee7 \u0111\u1ea7u t\u01b0 t\u1eeb b\u01b0\u1edbc l\u00ean \u00fd t\u01b0\u1edfng ph\u00e1t tri\u1ec3n, \u0111\u1ea7u t\u01b0 d\u1ef1 \u00e1n \u0111\u1ebfn chi\u1ebfn l\u01b0\u1ee3c ti\u1ebfp th\u1ecb \u2013 ph\u00e2n ph\u1ed1i. RETI b\u1eb1ng nh\u1eefng ph\u00e2n t\u00edch, \u0111\u00e1nh gi\u00e1 chuy\u00ean s\u00e2u s\u1ebd x\u00e1c \u0111\u1ecbnh chi\u1ebfn l\u01b0\u1ee3c ph\u00e1t tri\u1ec3n ph\u00f9 h\u1ee3p nh\u1ea5t cho d\u1ef1 \u00e1n, \u0111\u1ea3m b\u1ea3o hi\u1ec7u qu\u1ea3 \u0111\u1ea7u t\u01b0 t\u1ed1i \u01b0u cho ch\u1ee7 \u0111\u1ea7u t\u01b0<\/p>\n<\/div>\n\n\n\n<div class=\"wp-block-column is-layout-flow wp-block-column-is-layout-flow\">\n<div class=\"wp-block-image\"><figure class=\"aligncenter size-large\"><img decoding=\"async\" width=\"570\" height=\"370\" data-src=\"https:\/\/reti.vn\/blog\/wp-content\/uploads\/2020\/11\/smart-buildings-scaled-outm5nqaipfabmopvycxak6zgsm99o1zksa2xf1x4k.jpg\" alt=\"\" class=\"wp-image-17018 lazyload\" data-srcset=\"https:\/\/reti.vn\/blog\/wp-content\/uploads\/2020\/11\/smart-buildings-scaled-outm5nqaipfabmopvycxak6zgsm99o1zksa2xf1x4k.jpg 570w, https:\/\/reti.vn\/blog\/wp-content\/uploads\/2020\/11\/smart-buildings-scaled-outm5nqaipfabmopvycxak6zgsm99o1zksa2xf1x4k-300x195.jpg 300w, https:\/\/reti.vn\/blog\/wp-content\/uploads\/2020\/11\/smart-buildings-scaled-outm5nqaipfabmopvycxak6zgsm99o1zksa2xf1x4k-150x97.jpg 150w\" data-sizes=\"(max-width: 570px) 100vw, 570px\" src=\"data:image\/svg+xml;base64,PHN2ZyB3aWR0aD0iMSIgaGVpZ2h0PSIxIiB4bWxucz0iaHR0cDovL3d3dy53My5vcmcvMjAwMC9zdmciPjwvc3ZnPg==\" style=\"--smush-placeholder-width: 570px; --smush-placeholder-aspect-ratio: 570\/370;\" \/><\/figure><\/div>\n<\/div>\n<\/div>\n<\/div><\/div>\n<\/div>\n<\/div>\n\n\n\n<div class=\"wp-block-columns alignfull has-white-color has-text-color has-background is-layout-flex wp-container-core-columns-is-layout-9d6595d7 wp-block-columns-is-layout-flex\" style=\"background-color:#56c5d0\">\n<div class=\"wp-block-column is-layout-flow wp-block-column-is-layout-flow\">\n<div class=\"wp-block-group alignwide padding-40 has-white-color has-text-color has-background\" style=\"background-color:#56c5d0\"><div class=\"wp-block-group__inner-container is-layout-flow wp-block-group-is-layout-flow\">\n<div class=\"wp-block-columns is-layout-flex wp-container-core-columns-is-layout-9d6595d7 wp-block-columns-is-layout-flex\">\n<div class=\"wp-block-column is-layout-flow wp-block-column-is-layout-flow\">\n<figure class=\"wp-block-image size-large\"><img decoding=\"async\" width=\"570\" height=\"370\" data-src=\"https:\/\/reti.vn\/blog\/wp-content\/uploads\/2020\/11\/header-2-1-outm5nqaipfabmopvycxak6zgsm99o1zksa2xf1x4k-1.jpg\" alt=\"\" class=\"wp-image-17001 lazyload\" data-srcset=\"https:\/\/reti.vn\/blog\/wp-content\/uploads\/2020\/11\/header-2-1-outm5nqaipfabmopvycxak6zgsm99o1zksa2xf1x4k-1.jpg 570w, https:\/\/reti.vn\/blog\/wp-content\/uploads\/2020\/11\/header-2-1-outm5nqaipfabmopvycxak6zgsm99o1zksa2xf1x4k-1-300x195.jpg 300w, https:\/\/reti.vn\/blog\/wp-content\/uploads\/2020\/11\/header-2-1-outm5nqaipfabmopvycxak6zgsm99o1zksa2xf1x4k-1-150x97.jpg 150w\" data-sizes=\"(max-width: 570px) 100vw, 570px\" src=\"data:image\/svg+xml;base64,PHN2ZyB3aWR0aD0iMSIgaGVpZ2h0PSIxIiB4bWxucz0iaHR0cDovL3d3dy53My5vcmcvMjAwMC9zdmciPjwvc3ZnPg==\" style=\"--smush-placeholder-width: 570px; --smush-placeholder-aspect-ratio: 570\/370;\" \/><\/figure>\n<\/div>\n\n\n\n<div class=\"wp-block-column is-layout-flow wp-block-column-is-layout-flow\">\n<h2 class=\"has-white-color has-text-color wp-block-heading\">T\u01b0 v\u1ea5n \u0111\u1ea7u t\u01b0 v\u00e0 ph\u00e1t tri\u1ec3n qu\u1ef9 \u0111\u1ea5t<\/h2>\n\n\n\n<p>Kinh nghi\u1ec7m v\u00e0 chuy\u00ean m\u00f4n v\u1ec1 th\u1ecb tr\u01b0\u1eddng B\u0110S c\u1ee7a RETI l\u00e0 l\u1ee3i th\u1ebf k\u1ebft n\u1ed1i, \u0111\u1ea3m b\u1ea3o th\u00e0nh c\u00f4ng cho c\u00e1c th\u01b0\u01a1ng v\u1ee5 M&amp;A. RETI ch\u00fa tr\u1ecdng t\u00ednh chi\u1ebfn l\u01b0\u1ee3c c\u1ee7a gi\u1ea3i ph\u00e1p t\u01b0 v\u1ea5n, \u0111\u1ea3m b\u1ea3o doanh nghi\u1ec7p \u0111\u1ea1t \u0111\u01b0\u1ee3c m\u1ee5c ti\u00eau v\u00e0 ti\u1ebfp t\u1ee5c ph\u00e1t huy ti\u1ec1m n\u0103ng d\u00e0i h\u1ea1n c\u1ee7a d\u1ef1 \u00e1n<\/p>\n\n\n\n<ul class=\"wp-block-list\"><li>T\u00ecm v\u00e0 \u0111\u00e1nh gi\u00e1 qu\u1ef9 \u0111\u1ea5t \u0111\u1ec3 ph\u00e1t tri\u1ec3n d\u1ef1 \u00e1n<\/li><li>T\u01b0 v\u1ea5n c\u1ea5u tr\u00fac giao d\u1ecbch mua b\u00e1n, chuy\u1ec3n nh\u01b0\u1ee3ng d\u1ef1 \u00e1n B\u0110S<\/li><li>Qu\u1ea3n l\u00fd v\u00e0 c\u00f9ng tri\u1ec3n khai v\u1edbi C\u0110T v\u1ec1 hi\u1ec7u qu\u1ea3 c\u1ee7a qu\u00e1 tr\u00ecnh M&amp;A<\/li><li>T\u01b0 v\u1ea5n, c\u1ea5u tr\u00fac, s\u1eafp x\u1ebfp ngu\u1ed3n v\u1ed1n t\u00f9y theo nhu c\u1ea7u v\u00e0 hi\u1ec7n tr\u1ea1ng<\/li><li>T\u00ecm v\u00e0 \u0111\u00e1nh gi\u00e1 c\u00e1c c\u01a1 h\u1ed9i \u0111\u1ea7u t\u01b0 B\u0110S<\/li><\/ul>\n<\/div>\n<\/div>\n<\/div><\/div>\n<\/div>\n<\/div>\n\n\n\n<div class=\"wp-block-columns are-vertically-aligned-center is-layout-flex wp-container-core-columns-is-layout-9d6595d7 wp-block-columns-is-layout-flex\">\n<div class=\"wp-block-column is-vertically-aligned-center is-layout-flow wp-block-column-is-layout-flow\">\n<div class=\"wp-block-group\"><div class=\"wp-block-group__inner-container is-layout-flow wp-block-group-is-layout-flow\">\n<h2 class=\"has-text-align-center wp-block-heading\">G\u1eb7p g\u1ee1 c\u00e1c chi\u1ebfn l\u01b0\u1ee3c gia c\u1ee7a RETI<\/h2>\n\n\n\n<p class=\"has-text-align-center\">\u0110\u1ed9i ng\u0169 ph\u00e1t tri\u1ec3n chi\u1ebfn l\u01b0\u1ee3c t\u1ea1i RETI \u0111\u1ec1u c\u00f3 t\u1eeb 10 n\u0103m kinh nghi\u1ec7m nghi\u00ean c\u1ee9u trong l\u0129nh v\u1ef1c B\u0110S. H\u1ecd t\u1eebng n\u1eafm gi\u1eef nh\u1eefng ch\u1ee9c v\u1ee5 quan tr\u1ecdng t\u1ea1i c\u00e1c t\u1ed5 ch\u1ee9c \u2013 doanh nghi\u1ec7p B\u0110S h\u00e0ng \u0111\u1ea7u tr\u01b0\u1edbc khi tham gia v\u00e0o RETI, c\u00f3 th\u1ec3 k\u1ec3 \u0111\u1ebfn nh\u01b0 m\u1ed9t v\u00e0i c\u00e1i t\u00ean d\u01b0\u1edbi \u0111\u00e2y<\/p>\n<\/div><\/div>\n\n\n\n<div class=\"wp-block-columns are-vertically-aligned-center is-layout-flex wp-container-core-columns-is-layout-9d6595d7 wp-block-columns-is-layout-flex\">\n<div class=\"wp-block-column is-vertically-aligned-center is-layout-flow wp-block-column-is-layout-flow\">\n<div class=\"wp-block-image\"><figure class=\"aligncenter size-large\"><img decoding=\"async\" width=\"124\" height=\"64\" data-src=\"https:\/\/reti.vn\/blog\/wp-content\/uploads\/2020\/06\/bat-dong-san.com_.vn_.png\" alt=\"\" class=\"wp-image-6641 lazyload\" src=\"data:image\/svg+xml;base64,PHN2ZyB3aWR0aD0iMSIgaGVpZ2h0PSIxIiB4bWxucz0iaHR0cDovL3d3dy53My5vcmcvMjAwMC9zdmciPjwvc3ZnPg==\" style=\"--smush-placeholder-width: 124px; --smush-placeholder-aspect-ratio: 124\/64;\"><\/figure><\/div>\n\n\n\n<div style=\"height:40px\" aria-hidden=\"true\" class=\"wp-block-spacer\"><\/div>\n\n\n\n<div class=\"wp-block-image\"><figure class=\"aligncenter size-large\"><img decoding=\"async\" width=\"204\" height=\"114\" data-src=\"https:\/\/reti.vn\/blog\/wp-content\/uploads\/2020\/06\/capita-symonds.png\" alt=\"\" class=\"wp-image-6643 lazyload\" src=\"data:image\/svg+xml;base64,PHN2ZyB3aWR0aD0iMSIgaGVpZ2h0PSIxIiB4bWxucz0iaHR0cDovL3d3dy53My5vcmcvMjAwMC9zdmciPjwvc3ZnPg==\" style=\"--smush-placeholder-width: 204px; --smush-placeholder-aspect-ratio: 204\/114;\"><\/figure><\/div>\n<\/div>\n\n\n\n<div class=\"wp-block-column is-vertically-aligned-center is-layout-flow wp-block-column-is-layout-flow\">\n<div class=\"wp-block-image\"><figure class=\"aligncenter size-large\"><img decoding=\"async\" width=\"105\" height=\"68\" data-src=\"https:\/\/reti.vn\/blog\/wp-content\/uploads\/2020\/06\/vin-group.png\" alt=\"\" class=\"wp-image-6640 lazyload\" src=\"data:image\/svg+xml;base64,PHN2ZyB3aWR0aD0iMSIgaGVpZ2h0PSIxIiB4bWxucz0iaHR0cDovL3d3dy53My5vcmcvMjAwMC9zdmciPjwvc3ZnPg==\" style=\"--smush-placeholder-width: 105px; --smush-placeholder-aspect-ratio: 105\/68;\"><\/figure><\/div>\n\n\n\n<div style=\"height:40px\" aria-hidden=\"true\" class=\"wp-block-spacer\"><\/div>\n\n\n\n<div class=\"wp-block-image\"><figure class=\"aligncenter size-large\"><img decoding=\"async\" width=\"150\" height=\"61\" data-src=\"https:\/\/reti.vn\/blog\/wp-content\/uploads\/2020\/06\/ica.png\" alt=\"\" class=\"wp-image-6638 lazyload\" src=\"data:image\/svg+xml;base64,PHN2ZyB3aWR0aD0iMSIgaGVpZ2h0PSIxIiB4bWxucz0iaHR0cDovL3d3dy53My5vcmcvMjAwMC9zdmciPjwvc3ZnPg==\" style=\"--smush-placeholder-width: 150px; --smush-placeholder-aspect-ratio: 150\/61;\"><\/figure><\/div>\n<\/div>\n\n\n\n<div class=\"wp-block-column is-vertically-aligned-center is-layout-flow wp-block-column-is-layout-flow\">\n<div class=\"wp-block-image\"><figure class=\"aligncenter size-large\"><img decoding=\"async\" width=\"149\" height=\"70\" data-src=\"https:\/\/reti.vn\/blog\/wp-content\/uploads\/2020\/06\/scic.png\" alt=\"\" class=\"wp-image-6639 lazyload\" src=\"data:image\/svg+xml;base64,PHN2ZyB3aWR0aD0iMSIgaGVpZ2h0PSIxIiB4bWxucz0iaHR0cDovL3d3dy53My5vcmcvMjAwMC9zdmciPjwvc3ZnPg==\" style=\"--smush-placeholder-width: 149px; --smush-placeholder-aspect-ratio: 149\/70;\"><\/figure><\/div>\n\n\n\n<div style=\"height:40px\" aria-hidden=\"true\" class=\"wp-block-spacer\"><\/div>\n\n\n\n<div class=\"wp-block-image\"><figure class=\"aligncenter size-large\"><img decoding=\"async\" width=\"223\" height=\"70\" data-src=\"https:\/\/reti.vn\/blog\/wp-content\/uploads\/2020\/06\/cenland.png\" alt=\"\" class=\"wp-image-6644 lazyload\" src=\"data:image\/svg+xml;base64,PHN2ZyB3aWR0aD0iMSIgaGVpZ2h0PSIxIiB4bWxucz0iaHR0cDovL3d3dy53My5vcmcvMjAwMC9zdmciPjwvc3ZnPg==\" style=\"--smush-placeholder-width: 223px; --smush-placeholder-aspect-ratio: 223\/70;\"><\/figure><\/div>\n<\/div>\n\n\n\n<div class=\"wp-block-column is-vertically-aligned-center is-layout-flow wp-block-column-is-layout-flow\">\n<div class=\"wp-block-image\"><figure class=\"aligncenter size-large\"><img decoding=\"async\" width=\"170\" height=\"83\" data-src=\"https:\/\/reti.vn\/blog\/wp-content\/uploads\/2020\/06\/capital-land.png\" alt=\"\" class=\"wp-image-6642 lazyload\" src=\"data:image\/svg+xml;base64,PHN2ZyB3aWR0aD0iMSIgaGVpZ2h0PSIxIiB4bWxucz0iaHR0cDovL3d3dy53My5vcmcvMjAwMC9zdmciPjwvc3ZnPg==\" style=\"--smush-placeholder-width: 170px; --smush-placeholder-aspect-ratio: 170\/83;\"><\/figure><\/div>\n\n\n\n<div style=\"height:40px\" aria-hidden=\"true\" class=\"wp-block-spacer\"><\/div>\n\n\n\n<div class=\"wp-block-image\"><figure class=\"aligncenter size-large\"><img decoding=\"async\" width=\"182\" height=\"70\" data-src=\"https:\/\/reti.vn\/blog\/wp-content\/uploads\/2020\/06\/dat-xanh.png\" alt=\"\" class=\"wp-image-6637 lazyload\" src=\"data:image\/svg+xml;base64,PHN2ZyB3aWR0aD0iMSIgaGVpZ2h0PSIxIiB4bWxucz0iaHR0cDovL3d3dy53My5vcmcvMjAwMC9zdmciPjwvc3ZnPg==\" style=\"--smush-placeholder-width: 182px; --smush-placeholder-aspect-ratio: 182\/70;\"><\/figure><\/div>\n<\/div>\n<\/div>\n<\/div>\n<\/div>\n\n\n\n<div class=\"wp-block-columns alignwide khoi-margin-am is-layout-flex wp-container-core-columns-is-layout-9d6595d7 wp-block-columns-is-layout-flex\">\n<div class=\"wp-block-column is-layout-flow wp-block-column-is-layout-flow\">\n<h2 class=\"has-text-align-center wp-block-heading\">\u0110\u0103ng k\u00fd nh\u1eadn t\u01b0 v\u1ea5n ngay <\/h2>\n\n\n\n<div class=\"wp-block-group\"><div class=\"wp-block-group__inner-container is-layout-flow wp-block-group-is-layout-flow\">\n<div class=\"wp-block-contact-form-7-contact-form-selector\">\n<div class=\"wpcf7 no-js\" id=\"wpcf7-f17028-o1\" lang=\"vi\" dir=\"ltr\" data-wpcf7-id=\"17028\">\n<div class=\"screen-reader-response\"><p role=\"status\" aria-live=\"polite\" aria-atomic=\"true\"><\/p> <ul><\/ul><\/div>\n<form action=\"\/blog\/wp-json\/wp\/v2\/pages\/16979#wpcf7-f17028-o1\" method=\"post\" class=\"wpcf7-form init\" aria-label=\"Form li\u00ean h\u1ec7\" novalidate=\"novalidate\" data-status=\"init\">\n<fieldset class=\"hidden-fields-container\"><input type=\"hidden\" name=\"_wpcf7\" value=\"17028\" \/><input type=\"hidden\" name=\"_wpcf7_version\" value=\"6.1.5\" \/><input type=\"hidden\" name=\"_wpcf7_locale\" value=\"vi\" \/><input type=\"hidden\" name=\"_wpcf7_unit_tag\" value=\"wpcf7-f17028-o1\" \/><input type=\"hidden\" name=\"_wpcf7_container_post\" value=\"0\" \/><input type=\"hidden\" name=\"_wpcf7_posted_data_hash\" value=\"\" \/><input type=\"hidden\" name=\"_wpcf7_recaptcha_response\" value=\"\" \/>\n<\/fieldset>\n<p><span class=\"wpcf7-form-control-wrap\" data-name=\"Hoten\"><input size=\"40\" maxlength=\"400\" class=\"wpcf7-form-control wpcf7-text wpcf7-validates-as-required\" aria-required=\"true\" aria-invalid=\"false\" placeholder=\"Ho\u0323 Va\u0300 T\u00ean\" value=\"\" type=\"text\" name=\"Hoten\" \/><\/span>\n<\/p>\n<p><span class=\"wpcf7-form-control-wrap\" data-name=\"Email\"><input size=\"40\" maxlength=\"400\" class=\"wpcf7-form-control wpcf7-email wpcf7-validates-as-required wpcf7-text wpcf7-validates-as-email\" aria-required=\"true\" aria-invalid=\"false\" placeholder=\"\u0110i\u0323a chi\u0309 Email\" value=\"\" type=\"email\" name=\"Email\" \/><\/span>\n<\/p>\n<p><span class=\"wpcf7-form-control-wrap\" data-name=\"Sodienthoai\"><input size=\"40\" maxlength=\"400\" class=\"wpcf7-form-control wpcf7-tel wpcf7-validates-as-required wpcf7-text wpcf7-validates-as-tel\" aria-required=\"true\" aria-invalid=\"false\" placeholder=\"S\u00f4\u0301 \u0110i\u00ea\u0323n Thoa\u0323i\" value=\"\" type=\"tel\" name=\"Sodienthoai\" \/><\/span>\n<\/p>\n<p><input class=\"wpcf7-form-control wpcf7-submit has-spinner\" type=\"submit\" value=\"G\u01b0\u0309i ngay\" \/>\n<\/p><div class=\"wpcf7-response-output\" aria-hidden=\"true\"><\/div>\n<\/form>\n<\/div>\n<\/div>\n<\/div><\/div>\n<\/div>\n<\/div>\n","protected":false},"excerpt":{"rendered":"<p>Chuy\u00ean gia ph\u00e1t tri\u1ec3n b\u1ea5t \u0111\u1ed9ng s\u1ea3n h\u00e0ng \u0111\u1ea7u \u0110\u1ed9i ng\u0169 chuy\u00ean gia gi\u00e0u kinh nghi\u1ec7m c\u1ee7a RETI s\u1ebd \u0111\u1ed3ng h\u00e0nh v\u1edbi ch\u1ee7 \u0111\u1ea7u t\u01b0 t\u1eeb b\u01b0\u1edbc l\u00ean \u00fd t\u01b0\u1edfng ph\u00e1t tri\u1ec3n, \u0111\u1ea7u t\u01b0 d\u1ef1 \u00e1n \u0111\u1ebfn chi\u1ebfn l\u01b0\u1ee3c ti\u1ebfp th\u1ecb \u2013 ph\u00e2n ph\u1ed1i. RETI b\u1eb1ng nh\u1eefng ph\u00e2n t\u00edch, \u0111\u00e1nh gi\u00e1 chuy\u00ean s\u00e2u s\u1ebd x\u00e1c [&hellip;]<\/p>\n","protected":false},"author":36,"featured_media":0,"parent":0,"menu_order":0,"comment_status":"closed","ping_status":"closed","template":"fullwidth-page.php","meta":{"tdm_status":"disabled","tdm_grid_status":"","footnotes":""},"class_list":["post-16979","page","type-page","status-publish"],"_links":{"self":[{"href":"https:\/\/reti.vn\/blog\/wp-json\/wp\/v2\/pages\/16979","targetHints":{"allow":["GET"]}}],"collection":[{"href":"https:\/\/reti.vn\/blog\/wp-json\/wp\/v2\/pages"}],"about":[{"href":"https:\/\/reti.vn\/blog\/wp-json\/wp\/v2\/types\/page"}],"author":[{"embeddable":true,"href":"https:\/\/reti.vn\/blog\/wp-json\/wp\/v2\/users\/36"}],"replies":[{"embeddable":true,"href":"https:\/\/reti.vn\/blog\/wp-json\/wp\/v2\/comments?post=16979"}],"version-history":[{"count":0,"href":"https:\/\/reti.vn\/blog\/wp-json\/wp\/v2\/pages\/16979\/revisions"}],"wp:attachment":[{"href":"https:\/\/reti.vn\/blog\/wp-json\/wp\/v2\/media?parent=16979"}],"curies":[{"name":"wp","href":"https:\/\/api.w.org\/{rel}","templated":true}]}}