{"id":17189,"date":"2020-12-01T17:00:57","date_gmt":"2020-12-01T10:00:57","guid":{"rendered":"https:\/\/reti.vn\/blog\/?page_id=17189"},"modified":"2022-11-25T10:51:28","modified_gmt":"2022-11-25T03:51:28","slug":"ve-reti","status":"publish","type":"page","link":"https:\/\/reti.vn\/blog\/ve-reti\/","title":{"rendered":"V\u1ec1 RETI"},"content":{"rendered":"\r\n<div class=\"wp-block-cover alignfull has-black-background-color\"><img decoding=\"async\" width=\"1920\" height=\"487\" class=\"wp-block-cover__image-background wp-image-16965 lazyload\" data-src=\"https:\/\/reti.vn\/blog\/wp-content\/uploads\/2020\/11\/image-1-2-1.png\" alt=\"\" data-object-fit=\"cover\" data-srcset=\"https:\/\/reti.vn\/blog\/wp-content\/uploads\/2020\/11\/image-1-2-1.png 1920w, https:\/\/reti.vn\/blog\/wp-content\/uploads\/2020\/11\/image-1-2-1-300x76.png 300w, https:\/\/reti.vn\/blog\/wp-content\/uploads\/2020\/11\/image-1-2-1-1024x260.png 1024w, https:\/\/reti.vn\/blog\/wp-content\/uploads\/2020\/11\/image-1-2-1-768x195.png 768w, https:\/\/reti.vn\/blog\/wp-content\/uploads\/2020\/11\/image-1-2-1-1536x390.png 1536w, https:\/\/reti.vn\/blog\/wp-content\/uploads\/2020\/11\/image-1-2-1-150x38.png 150w, https:\/\/reti.vn\/blog\/wp-content\/uploads\/2020\/11\/image-1-2-1-696x177.png 696w, https:\/\/reti.vn\/blog\/wp-content\/uploads\/2020\/11\/image-1-2-1-1068x271.png 1068w\" data-sizes=\"(max-width: 1920px) 100vw, 1920px\" src=\"data:image\/svg+xml;base64,PHN2ZyB3aWR0aD0iMSIgaGVpZ2h0PSIxIiB4bWxucz0iaHR0cDovL3d3dy53My5vcmcvMjAwMC9zdmciPjwvc3ZnPg==\" style=\"--smush-placeholder-width: 1920px; --smush-placeholder-aspect-ratio: 1920\/487;\" \/>\r\n<div class=\"wp-block-cover__inner-container is-layout-flow wp-block-cover-is-layout-flow\">\r\n<p class=\"has-text-align-center has-large-font-size\"><strong>Gi\u1edbi thi\u1ec7u v\u1ec1 RETI<\/strong><\/p>\r\n\r\n\r\n\r\n<p class=\"has-text-align-center\">RETI l\u00e0 c\u00f4ng ty ph\u00e2n ph\u1ed1i, ph\u00e1t tri\u1ec3n v\u00e0 \u0111\u1ea7u t\u01b0 B\u0110S \u1ee9ng d\u1ee5ng c\u00f4ng ngh\u1ec7. B\u1eb1ng s\u1ef1 k\u1ebft h\u1ee3p gi\u1eefa c\u00f4ng ngh\u1ec7 v\u00e0 con ng\u01b0\u1eddi, ph\u01b0\u01a1ng th\u1ee9c offline v\u00e0 n\u1ec1n t\u1ea3ng giao d\u1ecbch B\u0110S online, RETI ch\u1eafc ch\u1eafn mang l\u1ea1i nhi\u1ec1u gi\u00e1 tr\u1ecb v\u00e0 tr\u1ea3i nghi\u1ec7m \u0111\u1ed9t ph\u00e1 cho kh\u00e1ch h\u00e0ng c\u0169ng nh\u01b0 ch\u1ee7 \u0111\u1ea7u t\u01b0, gi\u00fap h\u1ecd mua \u2013 b\u00e1n giao d\u1ecbch B\u0110S d\u1ec5 d\u00e0ng, minh b\u1ea1ch v\u00e0 hi\u1ec7u qu\u1ea3.<\/p>\r\n<\/div>\r\n<\/div>\r\n\r\n\r\n\r\n<div class=\"wp-block-columns is-layout-flex wp-container-core-columns-is-layout-9d6595d7 wp-block-columns-is-layout-flex\">\r\n<div class=\"wp-block-column khoi-margin-am is-layout-flow wp-block-column-is-layout-flow\">\r\n<h2 class=\"has-text-align-center wp-block-heading\">RETI cung c\u1ea5p c\u00e1c d\u1ecbch v\u1ee5\u200b<\/h2>\r\n\r\n\r\n\r\n<div class=\"wp-block-columns is-layout-flex wp-container-core-columns-is-layout-9d6595d7 wp-block-columns-is-layout-flex\">\r\n<div class=\"wp-block-column is-layout-flow wp-block-column-is-layout-flow\">\r\n<figure class=\"wp-block-image size-medium\"><img decoding=\"async\" width=\"300\" height=\"169\" class=\"wp-image-17196 lazyload\" data-src=\"https:\/\/reti.vn\/blog\/wp-content\/uploads\/2020\/12\/tong-quan-flc-garden-city-dai-mo-3-300x169.jpg\" alt=\"\" data-srcset=\"https:\/\/reti.vn\/blog\/wp-content\/uploads\/2020\/12\/tong-quan-flc-garden-city-dai-mo-3-300x169.jpg 300w, https:\/\/reti.vn\/blog\/wp-content\/uploads\/2020\/12\/tong-quan-flc-garden-city-dai-mo-3-768x432.jpg 768w, https:\/\/reti.vn\/blog\/wp-content\/uploads\/2020\/12\/tong-quan-flc-garden-city-dai-mo-3-150x84.jpg 150w, https:\/\/reti.vn\/blog\/wp-content\/uploads\/2020\/12\/tong-quan-flc-garden-city-dai-mo-3-696x392.jpg 696w, https:\/\/reti.vn\/blog\/wp-content\/uploads\/2020\/12\/tong-quan-flc-garden-city-dai-mo-3.jpg 1024w\" data-sizes=\"(max-width: 300px) 100vw, 300px\" src=\"data:image\/svg+xml;base64,PHN2ZyB3aWR0aD0iMSIgaGVpZ2h0PSIxIiB4bWxucz0iaHR0cDovL3d3dy53My5vcmcvMjAwMC9zdmciPjwvc3ZnPg==\" style=\"--smush-placeholder-width: 300px; --smush-placeholder-aspect-ratio: 300\/169;\" \/><\/figure>\r\n\r\n\r\n\r\n<p class=\"has-text-align-center\">Ph\u00e2n ph\u1ed1i d\u1ef1 \u00e1n<\/p>\r\n<\/div>\r\n\r\n\r\n\r\n<div class=\"wp-block-column is-layout-flow wp-block-column-is-layout-flow\">\r\n<figure class=\"wp-block-image size-medium\"><img decoding=\"async\" width=\"300\" height=\"157\" class=\"wp-image-17200 lazyload\" data-src=\"https:\/\/reti.vn\/blog\/wp-content\/uploads\/2020\/12\/20191216-ServiceFutures-PropTech-van-stenen-en-geld-naar-technologie-voor-mensen-300x157.png\" alt=\"\" data-srcset=\"https:\/\/reti.vn\/blog\/wp-content\/uploads\/2020\/12\/20191216-ServiceFutures-PropTech-van-stenen-en-geld-naar-technologie-voor-mensen-300x157.png 300w, https:\/\/reti.vn\/blog\/wp-content\/uploads\/2020\/12\/20191216-ServiceFutures-PropTech-van-stenen-en-geld-naar-technologie-voor-mensen-1024x535.png 1024w, https:\/\/reti.vn\/blog\/wp-content\/uploads\/2020\/12\/20191216-ServiceFutures-PropTech-van-stenen-en-geld-naar-technologie-voor-mensen-768x401.png 768w, https:\/\/reti.vn\/blog\/wp-content\/uploads\/2020\/12\/20191216-ServiceFutures-PropTech-van-stenen-en-geld-naar-technologie-voor-mensen-150x78.png 150w, https:\/\/reti.vn\/blog\/wp-content\/uploads\/2020\/12\/20191216-ServiceFutures-PropTech-van-stenen-en-geld-naar-technologie-voor-mensen-696x364.png 696w, https:\/\/reti.vn\/blog\/wp-content\/uploads\/2020\/12\/20191216-ServiceFutures-PropTech-van-stenen-en-geld-naar-technologie-voor-mensen-1068x558.png 1068w, https:\/\/reti.vn\/blog\/wp-content\/uploads\/2020\/12\/20191216-ServiceFutures-PropTech-van-stenen-en-geld-naar-technologie-voor-mensen.png 1200w\" data-sizes=\"(max-width: 300px) 100vw, 300px\" src=\"data:image\/svg+xml;base64,PHN2ZyB3aWR0aD0iMSIgaGVpZ2h0PSIxIiB4bWxucz0iaHR0cDovL3d3dy53My5vcmcvMjAwMC9zdmciPjwvc3ZnPg==\" style=\"--smush-placeholder-width: 300px; --smush-placeholder-aspect-ratio: 300\/157;\" \/><\/figure>\r\n\r\n\r\n\r\n<p>T\u01b0 v\u1ea5n v\u00e0 ph\u00e1t tri\u1ec3n d\u1ef1 \u00e1n<\/p>\r\n<\/div>\r\n\r\n\r\n\r\n<div class=\"wp-block-column is-layout-flow wp-block-column-is-layout-flow\">\r\n<figure class=\"wp-block-image size-medium\"><img decoding=\"async\" width=\"300\" height=\"200\" class=\"wp-image-11137 lazyload\" data-src=\"https:\/\/reti.vn\/blog\/wp-content\/uploads\/2020\/05\/nen-mua-dat-nen-du-an-hay-dat-tho-cu-2-300x200.jpg\" alt=\"\" data-srcset=\"https:\/\/reti.vn\/blog\/wp-content\/uploads\/2020\/05\/nen-mua-dat-nen-du-an-hay-dat-tho-cu-2-300x200.jpg 300w, https:\/\/reti.vn\/blog\/wp-content\/uploads\/2020\/05\/nen-mua-dat-nen-du-an-hay-dat-tho-cu-2-1024x683.jpg 1024w, https:\/\/reti.vn\/blog\/wp-content\/uploads\/2020\/05\/nen-mua-dat-nen-du-an-hay-dat-tho-cu-2-768x513.jpg 768w, https:\/\/reti.vn\/blog\/wp-content\/uploads\/2020\/05\/nen-mua-dat-nen-du-an-hay-dat-tho-cu-2-150x100.jpg 150w, https:\/\/reti.vn\/blog\/wp-content\/uploads\/2020\/05\/nen-mua-dat-nen-du-an-hay-dat-tho-cu-2-696x464.jpg 696w, https:\/\/reti.vn\/blog\/wp-content\/uploads\/2020\/05\/nen-mua-dat-nen-du-an-hay-dat-tho-cu-2-1068x713.jpg 1068w, https:\/\/reti.vn\/blog\/wp-content\/uploads\/2020\/05\/nen-mua-dat-nen-du-an-hay-dat-tho-cu-2.jpg 1431w\" data-sizes=\"(max-width: 300px) 100vw, 300px\" src=\"data:image\/svg+xml;base64,PHN2ZyB3aWR0aD0iMSIgaGVpZ2h0PSIxIiB4bWxucz0iaHR0cDovL3d3dy53My5vcmcvMjAwMC9zdmciPjwvc3ZnPg==\" style=\"--smush-placeholder-width: 300px; --smush-placeholder-aspect-ratio: 300\/200;\" \/><\/figure>\r\n\r\n\r\n\r\n<p>M&amp;A T\u01b0 v\u1ea5n v\u00e0 ph\u00e1t tri\u1ec3n qu\u1ef9 \u0111\u1ea5t<\/p>\r\n<\/div>\r\n<\/div>\r\n<\/div>\r\n<\/div>\r\n\r\n\r\n\r\n<div class=\"wp-block-group alignfull has-background\" style=\"background-color: #f2f2f2;\"><div class=\"wp-block-group__inner-container is-layout-flow wp-block-group-is-layout-flow\">\r\n<div class=\"wp-block-columns alignwide is-layout-flex wp-container-core-columns-is-layout-9d6595d7 wp-block-columns-is-layout-flex\">\r\n<div class=\"wp-block-column is-layout-flow wp-block-column-is-layout-flow\">\r\n<h2 class=\"has-text-align-center wp-block-heading\">\u00dd ngh\u0129a t\u00ean RETI\u200b<\/h2>\r\n\r\n\r\n\r\n<div class=\"wp-block-image\">\r\n<figure class=\"aligncenter size-large\"><img decoding=\"async\" data-src=\"https:\/\/reti.vn\/blog\/wp-content\/uploads\/2020\/12\/image-nuoc-co-reti-outm5nqhgofw0njumyfb9u3lauzuqvp736r91fj8gw-1024x359.jpg\" alt=\"\" src=\"data:image\/svg+xml;base64,PHN2ZyB3aWR0aD0iMSIgaGVpZ2h0PSIxIiB4bWxucz0iaHR0cDovL3d3dy53My5vcmcvMjAwMC9zdmciPjwvc3ZnPg==\" class=\"lazyload\" style=\"--smush-placeholder-width: 1024px; --smush-placeholder-aspect-ratio: 1024\/359;\"><\/figure>\r\n<\/div>\r\n\r\n\r\n\r\n<h2 class=\"wp-block-heading\">\u00dd ngh\u0129a t\u1eeb thu\u1eadt ng\u1eef \u201cReti opening\u201d<\/h2>\r\n\r\n\r\n\r\n<p>Thu\u1eadt ng\u1eef \u201cReti opening\u201d \u0111\u01b0\u1ee3c s\u00e1ng t\u1ea1o b\u1edfi Richard Reti \u2013 k\u1ef3 th\u1ee7 v\u00e0 l\u00e0 nh\u00e0 bi\u00ean so\u1ea1n th\u1ebf c\u1edd huy\u1ec1n tho\u1ea1i th\u1ebf gi\u1edbi. \u201cReti opening\u201d \u2013 \u201cn\u01b0\u1edbc c\u1edd \u0111\u1ea7u\u201d \u2013 mang \u00fd ngh\u0129a quan tr\u1ecdng, m\u1edf ra th\u1ebf c\u1edd ch\u1ee7 \u0111\u1ed9ng v\u00e0 c\u00f3 th\u1ec3 quy\u1ebft \u0111\u1ecbnh \u0111\u1ebfn th\u00e0nh b\u1ea1i c\u1ee7a c\u1ea3 v\u00e1n c\u1edd. C\u0169ng gi\u1ed1ng nh\u01b0 c\u1edd vua, trong m\u1ed9t ng\u00e0nh c\u1ea1nh tranh cao nh\u01b0 B\u0110S, b\u01b0\u1edbc \u0111i \u0111\u1ea7u ti\u00ean \u2013 vi\u1ec7c l\u1ef1a ch\u1ecdn th\u01b0\u01a1ng hi\u1ec7u c\u1ed9ng t\u00e1c \u2013 l\u00e0 y\u1ebfu t\u1ed1 quan tr\u1ecdng quy\u1ebft \u0111\u1ecbnh s\u1ef1 th\u00e0nh c\u00f4ng mang t\u00ednh \u0111\u1ed5i \u0111\u1eddi. RETI b\u1eb1ng s\u1ef1 am hi\u1ec3u th\u1ecb tr\u01b0\u1eddng v\u00e0 kh\u00e1ch h\u00e0ng, c\u00f9ng v\u1edbi \u0111\u1ed9i ng\u0169 nh\u00e2n s\u1ef1 gi\u1ecfi chuy\u00ean m\u00f4n, tr\u00e0n \u0111\u1ea7y nhi\u1ec7t huy\u1ebft s\u1ebd gi\u00fap \u0111\u1ed1i t\u00e1c c\u1ee7a RETI \u2013 ch\u1ee7 \u0111\u1ea7u t\u01b0, s\u00e0n\/\u0111\u1ea1i l\u00fd ph\u00e2n ph\u1ed1i v\u00e0 kh\u00e1ch h\u00e0ng c\u00e1 nh\u00e2n c\u00f3 b\u01b0\u1edbc \u0111i \u0111\u1ed9t ph\u00e1, c\u1ea7m ch\u1eafc th\u1ebf ch\u1ee7 \u0111\u1ed9ng trong cu\u1ed9c ch\u01a1i l\u1edbn n\u00e0y!<\/p>\r\n<\/div>\r\n<\/div>\r\n\r\n\r\n\r\n<div class=\"wp-block-columns alignwide is-layout-flex wp-container-core-columns-is-layout-9d6595d7 wp-block-columns-is-layout-flex\">\r\n<div class=\"wp-block-column is-layout-flow wp-block-column-is-layout-flow\">\r\n<div class=\"wp-block-image\">\r\n<figure class=\"aligncenter size-large\"><img decoding=\"async\" data-src=\"https:\/\/reti.vn\/blog\/wp-content\/uploads\/2020\/09\/y-nghia-reti-outm5nq9hfgjfliimjphmgr2xnmt7de6sf4fw2w4bs.jpg\" alt=\"\" src=\"data:image\/svg+xml;base64,PHN2ZyB3aWR0aD0iMSIgaGVpZ2h0PSIxIiB4bWxucz0iaHR0cDovL3d3dy53My5vcmcvMjAwMC9zdmciPjwvc3ZnPg==\" class=\"lazyload\" style=\"--smush-placeholder-width: 485px; --smush-placeholder-aspect-ratio: 485\/324;\"><\/figure>\r\n<\/div>\r\n<\/div>\r\n\r\n\r\n\r\n<div class=\"wp-block-column is-layout-flow wp-block-column-is-layout-flow\">\r\n<h2 class=\"wp-block-heading\">RETI &#8211; Real Estate Transparency Index\u200b<\/h2>\r\n\r\n\r\n\r\n<p>RETI c\u0169ng l\u00e0 vi\u1ebft t\u1eaft c\u1ee7a \u201cReal Estate Transparency Index\u201d \u2013 ch\u1ec9 s\u1ed1 minh b\u1ea1ch B\u0110S. Qua \u0111\u00f3 th\u1ec3 hi\u1ec7n l\u1eddi cam k\u1ebft c\u1ee7a RETI v\u1ec1 s\u1ef1 minh b\u1ea1ch (m\u1ed9t trong b\u1ed1n gi\u00e1 tr\u1ecb c\u1ed1t l\u00f5i c\u1ee7a ch\u00fang t\u00f4i) xuy\u00ean su\u1ed1t t\u1eeb v\u0103n ho\u00e1 n\u1ed9i b\u1ed9 cho \u0111\u1ebfn tinh th\u1ea7n tri\u1ec3n khai d\u1ecbch v\u1ee5 hay ph\u00e1t tri\u1ec3n s\u1ea3n ph\u1ea9m.<\/p>\r\n<\/div>\r\n<\/div>\r\n<\/div><\/div>\r\n\r\n\r\n\r\n<div class=\"wp-block-columns alignfull are-vertically-aligned-top has-background is-layout-flex wp-container-core-columns-is-layout-9d6595d7 wp-block-columns-is-layout-flex\" style=\"background-color: #f2f2f2;\">\r\n<div class=\"wp-block-column is-vertically-aligned-top is-layout-flow wp-block-column-is-layout-flow\">\r\n<div class=\"wp-block-group\"><div class=\"wp-block-group__inner-container is-layout-flow wp-block-group-is-layout-flow\">\r\n<h2 class=\"has-text-align-center wp-block-heading\">Gi\u00e1 tr\u1ecb c\u1ed1t l\u00f5i\u200b<\/h2>\r\n\r\n\r\n\r\n<div class=\"wp-block-group alignwide gia-tri-cot-loi\"><div class=\"wp-block-group__inner-container is-layout-flow wp-block-group-is-layout-flow\">\r\n<div class=\"wp-block-columns is-layout-flex wp-container-core-columns-is-layout-9d6595d7 wp-block-columns-is-layout-flex\">\r\n<div class=\"wp-block-column is-layout-flow wp-block-column-is-layout-flow\">\r\n\r\n\r\n<h2 class=\"wp-block-heading\">R \u2013 Reliable<\/h2>\r\n\r\n\r\n\r\n<p class=\"has-text-align-center\"><strong>Tin t\u01b0\u1edfng:<\/strong>\u00a0S\u1ef1 tin t\u01b0\u1edfng l\u00e0m n\u00ean gi\u00e1 tr\u1ecb b\u1ec1n v\u1eefng cho m\u1ed7i doanh nghi\u1ec7p. B\u1edfi v\u1eady, RETI lu\u00f4n h\u01b0\u1edbng \u0111\u1ebfn s\u1ef1 c\u00f4ng b\u1eb1ng v\u00e0 t\u00f4n tr\u1ecdng trong m\u1ed1i quan h\u1ec7 n\u1ed9i b\u1ed9 v\u00e0 v\u1edbi kh\u00e1ch h\u00e0ng.<\/p>\r\n<\/div>\r\n\r\n\r\n\r\n<div class=\"wp-block-column is-layout-flow wp-block-column-is-layout-flow\">\r\n\r\n\r\n<h2 class=\"wp-block-heading\">E &#8211; Expert<\/h2>\r\n\r\n\r\n\r\n<p class=\"has-text-align-center\"><strong>Chuy\u00ean gia:<\/strong>\u00a0M\u1ed7i nh\u00e2n s\u1ef1 t\u1ea1i RETI lu\u00f4n n\u1ed7 l\u1ef1c hun \u0111\u00fac, r\u00e8n luy\u1ec7n \u0111\u1ec3 n\u00e2ng cao hi\u1ec3u bi\u1ebft, \u0111\u1ec3 ho\u1ea1t \u0111\u1ed9ng chuy\u00ean nghi\u1ec7p, b\u00e0i b\u1ea3n h\u01a1n, \u0111em t\u1edbi d\u1ecbch v\u1ee5 ch\u1ea5t l\u01b0\u1ee3ng nh\u1ea5t cho kh\u00e1ch h\u00e0ng.<\/p>\r\n<\/div>\r\n\r\n\r\n\r\n<div class=\"wp-block-column is-layout-flow wp-block-column-is-layout-flow\">\r\n\r\n\r\n<h2 class=\"wp-block-heading\">T \u2013 Transparency<\/h2>\r\n\r\n\r\n\r\n<p class=\"has-text-align-center\"><strong>Minh b\u1ea1ch:<\/strong>\u00a0Minh b\u1ea1ch l\u00e0 y\u1ebfu t\u1ed1 n\u1ec1n t\u1ea3ng cho m\u1ecdi ho\u1ea1t \u0111\u1ed9ng t\u1ea1i RETI. Ch\u00fang t\u00f4i c\u1edfi m\u1edf chia s\u1ebb, r\u00f5 r\u00e0ng v\u00e0 lu\u00f4n c\u00f4ng khai m\u1ecdi th\u00f4ng tin.<\/p>\r\n<\/div>\r\n\r\n\r\n\r\n<div class=\"wp-block-column is-layout-flow wp-block-column-is-layout-flow\">\r\n\r\n\r\n<h2 class=\"wp-block-heading\">I \u2013 Innovation<\/h2>\r\n\r\n\r\n\r\n<p class=\"has-text-align-center\"><strong>\u0110\u1ed9t ph\u00e1:<\/strong>\u00a0Ti\u00ean phong, \u0111\u1ed9t ph\u00e1, s\u00e1ng t\u1ea1o kh\u00f4ng ng\u1eebng nh\u1eb1m \u0111\u01b0a ra c\u00e1c gi\u1ea3i ph\u00e1p \u1ee9ng d\u1ee5ng v\u1edbi ch\u1ea5t l\u01b0\u1ee3ng t\u1ed1t nh\u1ea5t v\u00e0 ph\u00f9 h\u1ee3p v\u1edbi \u0111i\u1ec1u ki\u1ec7n th\u1ef1c t\u1ebf.<\/p>\r\n<\/div>\r\n<\/div>\r\n<\/div><\/div>\r\n<\/div><\/div>\r\n<\/div>\r\n<\/div>\r\n\r\n\r\n\r\n<div class=\"wp-block-columns is-layout-flex wp-container-core-columns-is-layout-9d6595d7 wp-block-columns-is-layout-flex\">\r\n<div class=\"wp-block-column is-layout-flow wp-block-column-is-layout-flow\">\r\n<h2 class=\"has-text-align-center wp-block-heading\">T\u1ea7m nh\u00ecn &#8211; s\u1ee9 m\u1ec7nh<\/h2>\r\n\r\n\r\n\r\n<div class=\"wp-block-group\"><div class=\"wp-block-group__inner-container is-layout-flow wp-block-group-is-layout-flow\">\r\n<div class=\"wp-block-columns is-layout-flex wp-container-core-columns-is-layout-9d6595d7 wp-block-columns-is-layout-flex\">\r\n<div class=\"wp-block-column is-layout-flow wp-block-column-is-layout-flow\">\r\n<figure class=\"wp-block-image size-large\"><img decoding=\"async\" width=\"570\" height=\"370\" class=\"wp-image-17241 lazyload\" data-src=\"https:\/\/reti.vn\/blog\/wp-content\/uploads\/2020\/12\/18093395_s-3-scaled-outm5nqaipfabmopvycxak6zgsm99o1zksa2xf1x4k.jpg\" alt=\"\" data-srcset=\"https:\/\/reti.vn\/blog\/wp-content\/uploads\/2020\/12\/18093395_s-3-scaled-outm5nqaipfabmopvycxak6zgsm99o1zksa2xf1x4k.jpg 570w, https:\/\/reti.vn\/blog\/wp-content\/uploads\/2020\/12\/18093395_s-3-scaled-outm5nqaipfabmopvycxak6zgsm99o1zksa2xf1x4k-300x195.jpg 300w, https:\/\/reti.vn\/blog\/wp-content\/uploads\/2020\/12\/18093395_s-3-scaled-outm5nqaipfabmopvycxak6zgsm99o1zksa2xf1x4k-150x97.jpg 150w\" data-sizes=\"(max-width: 570px) 100vw, 570px\" src=\"data:image\/svg+xml;base64,PHN2ZyB3aWR0aD0iMSIgaGVpZ2h0PSIxIiB4bWxucz0iaHR0cDovL3d3dy53My5vcmcvMjAwMC9zdmciPjwvc3ZnPg==\" style=\"--smush-placeholder-width: 570px; --smush-placeholder-aspect-ratio: 570\/370;\" \/><\/figure>\r\n<\/div>\r\n\r\n\r\n\r\n<div class=\"wp-block-column is-layout-flow wp-block-column-is-layout-flow\">\r\n<h2 class=\"wp-block-heading\">T\u1ea7m nh\u00ecn<\/h2>\r\n\r\n\r\n\r\n<p>RETI \u0111\u1eb7t m\u1ee5c ti\u00eau tr\u1edf th\u00e0nh nh\u00e0 ph\u00e2n ph\u1ed1i v\u00e0 ph\u00e1t tri\u1ec3n B\u0110S \u1ee9ng d\u1ee5ng c\u00f4ng ngh\u1ec7 \u0111\u01b0\u1ee3c t\u00edn nhi\u1ec7m h\u00e0ng \u0111\u1ea7u Vi\u1ec7t Nam.<\/p>\r\n<\/div>\r\n<\/div>\r\n\r\n\r\n\r\n<div class=\"wp-block-columns is-layout-flex wp-container-core-columns-is-layout-9d6595d7 wp-block-columns-is-layout-flex\">\r\n<div class=\"wp-block-column is-layout-flow wp-block-column-is-layout-flow\">\r\n<h2 class=\"wp-block-heading\">S\u1ee9 m\u1ec7nh<\/h2>\r\n\r\n\r\n\r\n<ul class=\"wp-block-list\">\r\n<li>\u0110\u1ed1i v\u1edbi ch\u1ee7 \u0111\u1ea7u t\u01b0: Mang \u0111\u1ebfn gi\u1ea3i ph\u00e1p t\u1ed5ng th\u1ec3, chuy\u00ean nghi\u1ec7p gi\u00fap \u0111\u01b0a s\u1ea3n ph\u1ea9m t\u1edbi kh\u00e1ch h\u00e0ng m\u1ed9t c\u00e1ch hi\u1ec7u qu\u1ea3<\/li>\r\n<li>\u0110\u1ed1i v\u1edbi kh\u00e1ch h\u00e0ng c\u00e1 nh\u00e2n: \u1ee8ng d\u1ee5ng c\u00f4ng ngh\u1ec7 \u0111em \u0111\u1ebfn tr\u1ea3i nghi\u1ec7m \u0111\u1ed9t ph\u00e1, gi\u00fap kh\u00e1ch h\u00e0ng mua \u2013 b\u00e1n b\u1ea5t \u0111\u1ed9ng s\u1ea3n an to\u00e0n &amp; hi\u1ec7u qu\u1ea3<\/li>\r\n<\/ul>\r\n<\/div>\r\n\r\n\r\n\r\n<div class=\"wp-block-column is-layout-flow wp-block-column-is-layout-flow\">\r\n<figure class=\"wp-block-image size-large\"><img decoding=\"async\" width=\"570\" height=\"370\" class=\"wp-image-17242 lazyload\" data-src=\"https:\/\/reti.vn\/blog\/wp-content\/uploads\/2020\/12\/header-2-2-outm5nqaipfabmopvycxak6zgsm99o1zksa2xf1x4k.jpg\" alt=\"\" data-srcset=\"https:\/\/reti.vn\/blog\/wp-content\/uploads\/2020\/12\/header-2-2-outm5nqaipfabmopvycxak6zgsm99o1zksa2xf1x4k.jpg 570w, https:\/\/reti.vn\/blog\/wp-content\/uploads\/2020\/12\/header-2-2-outm5nqaipfabmopvycxak6zgsm99o1zksa2xf1x4k-300x195.jpg 300w, https:\/\/reti.vn\/blog\/wp-content\/uploads\/2020\/12\/header-2-2-outm5nqaipfabmopvycxak6zgsm99o1zksa2xf1x4k-150x97.jpg 150w\" data-sizes=\"(max-width: 570px) 100vw, 570px\" src=\"data:image\/svg+xml;base64,PHN2ZyB3aWR0aD0iMSIgaGVpZ2h0PSIxIiB4bWxucz0iaHR0cDovL3d3dy53My5vcmcvMjAwMC9zdmciPjwvc3ZnPg==\" style=\"--smush-placeholder-width: 570px; --smush-placeholder-aspect-ratio: 570\/370;\" \/><\/figure>\r\n<\/div>\r\n<\/div>\r\n<\/div><\/div>\r\n<\/div>\r\n<\/div>\r\n\r\n\r\n\r\n<div class=\"wp-block-columns alignwide is-layout-flex wp-container-core-columns-is-layout-9d6595d7 wp-block-columns-is-layout-flex\">\r\n<div class=\"wp-block-column is-layout-flow wp-block-column-is-layout-flow\">\r\n<h2 class=\"has-text-align-center wp-block-heading\">Tin t\u1ee9c v\u1ec1 RETI<\/h2>\r\n\r\n\r\n\r\n<div class=\"wp-block-columns is-layout-flex wp-container-core-columns-is-layout-9d6595d7 wp-block-columns-is-layout-flex\">\r\n<div class=\"wp-block-column is-layout-flow wp-block-column-is-layout-flow\">\r\n<div class=\"wp-block-group\"><div class=\"wp-block-group__inner-container is-layout-flow wp-block-group-is-layout-flow\">\r\n<div class=\"wp-block-columns is-layout-flex wp-container-core-columns-is-layout-9d6595d7 wp-block-columns-is-layout-flex\">\r\n<div class=\"wp-block-column is-layout-flow wp-block-column-is-layout-flow\"><div class=\"block-post-grid \">\n    \n    \n<\/div><\/div>\r\n<\/div>\r\n<\/div><\/div>\r\n\r\n\r\n\r\n<div class=\"wp-block-group padding-40\"><div class=\"wp-block-group__inner-container is-layout-flow wp-block-group-is-layout-flow\">\u00a0<\/div><\/div>\r\n<\/div>\r\n<\/div>\r\n<\/div>\r\n<\/div>\r\n\r\n\r\n\r\n<div class=\"wp-block-columns is-layout-flex wp-container-core-columns-is-layout-9d6595d7 wp-block-columns-is-layout-flex\">\r\n<div class=\"wp-block-column is-layout-flow wp-block-column-is-layout-flow\">\n<div class=\"wp-block-columns alignwide khoi-margin-am is-layout-flex wp-container-core-columns-is-layout-9d6595d7 wp-block-columns-is-layout-flex\">\n<div class=\"wp-block-column is-layout-flow wp-block-column-is-layout-flow\">\n<h2 class=\"has-text-align-center wp-block-heading\">\u0110\u0103ng k\u00fd nh\u1eadn t\u01b0 v\u1ea5n ngay <\/h2>\n\n\n\n<div class=\"wp-block-group\"><div class=\"wp-block-group__inner-container is-layout-flow wp-block-group-is-layout-flow\">\n<div class=\"wp-block-contact-form-7-contact-form-selector\">\n<div class=\"wpcf7 no-js\" id=\"wpcf7-f17028-o1\" lang=\"vi\" dir=\"ltr\" data-wpcf7-id=\"17028\">\n<div class=\"screen-reader-response\"><p role=\"status\" aria-live=\"polite\" aria-atomic=\"true\"><\/p> <ul><\/ul><\/div>\n<form action=\"\/blog\/wp-json\/wp\/v2\/pages\/17189#wpcf7-f17028-o1\" method=\"post\" class=\"wpcf7-form init\" aria-label=\"Form li\u00ean h\u1ec7\" novalidate=\"novalidate\" data-status=\"init\">\n<fieldset class=\"hidden-fields-container\"><input type=\"hidden\" name=\"_wpcf7\" value=\"17028\" \/><input type=\"hidden\" name=\"_wpcf7_version\" value=\"6.1.5\" \/><input type=\"hidden\" name=\"_wpcf7_locale\" value=\"vi\" \/><input type=\"hidden\" name=\"_wpcf7_unit_tag\" value=\"wpcf7-f17028-o1\" \/><input type=\"hidden\" name=\"_wpcf7_container_post\" value=\"0\" \/><input type=\"hidden\" name=\"_wpcf7_posted_data_hash\" value=\"\" \/><input type=\"hidden\" name=\"_wpcf7_recaptcha_response\" value=\"\" \/>\n<\/fieldset>\n<p><span class=\"wpcf7-form-control-wrap\" data-name=\"Hoten\"><input size=\"40\" maxlength=\"400\" class=\"wpcf7-form-control wpcf7-text wpcf7-validates-as-required\" aria-required=\"true\" aria-invalid=\"false\" placeholder=\"Ho\u0323 Va\u0300 T\u00ean\" value=\"\" type=\"text\" name=\"Hoten\" \/><\/span>\n<\/p>\n<p><span class=\"wpcf7-form-control-wrap\" data-name=\"Email\"><input size=\"40\" maxlength=\"400\" class=\"wpcf7-form-control wpcf7-email wpcf7-validates-as-required wpcf7-text wpcf7-validates-as-email\" aria-required=\"true\" aria-invalid=\"false\" placeholder=\"\u0110i\u0323a chi\u0309 Email\" value=\"\" type=\"email\" name=\"Email\" \/><\/span>\n<\/p>\n<p><span class=\"wpcf7-form-control-wrap\" data-name=\"Sodienthoai\"><input size=\"40\" maxlength=\"400\" class=\"wpcf7-form-control wpcf7-tel wpcf7-validates-as-required wpcf7-text wpcf7-validates-as-tel\" aria-required=\"true\" aria-invalid=\"false\" placeholder=\"S\u00f4\u0301 \u0110i\u00ea\u0323n Thoa\u0323i\" value=\"\" type=\"tel\" name=\"Sodienthoai\" \/><\/span>\n<\/p>\n<p><input class=\"wpcf7-form-control wpcf7-submit has-spinner\" type=\"submit\" value=\"G\u01b0\u0309i ngay\" \/>\n<\/p><div class=\"wpcf7-response-output\" aria-hidden=\"true\"><\/div>\n<\/form>\n<\/div>\n<\/div>\n<\/div><\/div>\n<\/div>\n<\/div>\n<\/div>\r\n<\/div>\r\n\r\n\r\n\r\n<div class=\"wp-block-cover alignfull has-background-dim-50 has-black-background-color has-background-dim is-position-center-center\" style=\"min-height: 600px;aspect-ratio:unset;\"><img decoding=\"async\" width=\"1920\" height=\"487\" class=\"wp-block-cover__image-background wp-image-16965 lazyload\" data-src=\"https:\/\/reti.vn\/blog\/wp-content\/uploads\/2020\/11\/image-1-2-1.png\" alt=\"\" data-object-fit=\"cover\" data-srcset=\"https:\/\/reti.vn\/blog\/wp-content\/uploads\/2020\/11\/image-1-2-1.png 1920w, https:\/\/reti.vn\/blog\/wp-content\/uploads\/2020\/11\/image-1-2-1-300x76.png 300w, https:\/\/reti.vn\/blog\/wp-content\/uploads\/2020\/11\/image-1-2-1-1024x260.png 1024w, https:\/\/reti.vn\/blog\/wp-content\/uploads\/2020\/11\/image-1-2-1-768x195.png 768w, https:\/\/reti.vn\/blog\/wp-content\/uploads\/2020\/11\/image-1-2-1-1536x390.png 1536w, https:\/\/reti.vn\/blog\/wp-content\/uploads\/2020\/11\/image-1-2-1-150x38.png 150w, https:\/\/reti.vn\/blog\/wp-content\/uploads\/2020\/11\/image-1-2-1-696x177.png 696w, https:\/\/reti.vn\/blog\/wp-content\/uploads\/2020\/11\/image-1-2-1-1068x271.png 1068w\" data-sizes=\"(max-width: 1920px) 100vw, 1920px\" src=\"data:image\/svg+xml;base64,PHN2ZyB3aWR0aD0iMSIgaGVpZ2h0PSIxIiB4bWxucz0iaHR0cDovL3d3dy53My5vcmcvMjAwMC9zdmciPjwvc3ZnPg==\" style=\"--smush-placeholder-width: 1920px; --smush-placeholder-aspect-ratio: 1920\/487;\" \/>\r\n<div class=\"wp-block-cover__inner-container is-layout-flow wp-block-cover-is-layout-flow\">\r\n<div class=\"wp-block-columns is-layout-flex wp-container-core-columns-is-layout-9d6595d7 wp-block-columns-is-layout-flex\">\r\n<div class=\"wp-block-column is-layout-flow wp-block-column-is-layout-flow\">\r\n<h1 class=\"has-text-align-center wp-block-heading\"><strong>Gi\u1edbi thi\u1ec7u v\u1ec1 RETI<\/strong><\/h1>\r\n\r\n\r\n\r\n<p class=\"has-text-align-center\">RETI l\u00e0 c\u00f4ng ty ph\u00e2n ph\u1ed1i, ph\u00e1t tri\u1ec3n v\u00e0 \u0111\u1ea7u t\u01b0 B\u0110S \u1ee9ng d\u1ee5ng c\u00f4ng ngh\u1ec7. B\u1eb1ng s\u1ef1 k\u1ebft h\u1ee3p gi\u1eefa c\u00f4ng ngh\u1ec7 v\u00e0 con ng\u01b0\u1eddi, ph\u01b0\u01a1ng th\u1ee9c offline v\u00e0 n\u1ec1n t\u1ea3ng giao d\u1ecbch B\u0110S online, RETI ch\u1eafc ch\u1eafn mang l\u1ea1i nhi\u1ec1u gi\u00e1 tr\u1ecb v\u00e0 tr\u1ea3i nghi\u1ec7m \u0111\u1ed9t ph\u00e1 cho kh\u00e1ch h\u00e0ng c\u0169ng nh\u01b0 ch\u1ee7 \u0111\u1ea7u t\u01b0, gi\u00fap h\u1ecd mua \u2013 b\u00e1n giao d\u1ecbch B\u0110S d\u1ec5 d\u00e0ng, minh b\u1ea1ch v\u00e0 hi\u1ec7u qu\u1ea3.<\/p>\r\n<\/div>\r\n<\/div>\r\n<\/div>\r\n<\/div>\r\n","protected":false},"excerpt":{"rendered":"<p>RETI cung c\u1ea5p c\u00e1c d\u1ecbch v\u1ee5\u200b Ph\u00e2n ph\u1ed1i d\u1ef1 \u00e1n T\u01b0 v\u1ea5n v\u00e0 ph\u00e1t tri\u1ec3n d\u1ef1 \u00e1n M&amp;A T\u01b0 v\u1ea5n v\u00e0 ph\u00e1t tri\u1ec3n qu\u1ef9 \u0111\u1ea5t \u00dd ngh\u0129a t\u00ean RETI\u200b \u00dd ngh\u0129a t\u1eeb thu\u1eadt ng\u1eef \u201cReti opening\u201d Thu\u1eadt ng\u1eef \u201cReti opening\u201d \u0111\u01b0\u1ee3c s\u00e1ng t\u1ea1o b\u1edfi Richard Reti \u2013 k\u1ef3 th\u1ee7 v\u00e0 l\u00e0 nh\u00e0 bi\u00ean so\u1ea1n th\u1ebf [&hellip;]<\/p>\n","protected":false},"author":36,"featured_media":0,"parent":0,"menu_order":0,"comment_status":"closed","ping_status":"closed","template":"fullwidth-page.php","meta":{"tdm_status":"","tdm_grid_status":"","footnotes":""},"class_list":["post-17189","page","type-page","status-publish"],"_links":{"self":[{"href":"https:\/\/reti.vn\/blog\/wp-json\/wp\/v2\/pages\/17189","targetHints":{"allow":["GET"]}}],"collection":[{"href":"https:\/\/reti.vn\/blog\/wp-json\/wp\/v2\/pages"}],"about":[{"href":"https:\/\/reti.vn\/blog\/wp-json\/wp\/v2\/types\/page"}],"author":[{"embeddable":true,"href":"https:\/\/reti.vn\/blog\/wp-json\/wp\/v2\/users\/36"}],"replies":[{"embeddable":true,"href":"https:\/\/reti.vn\/blog\/wp-json\/wp\/v2\/comments?post=17189"}],"version-history":[{"count":0,"href":"https:\/\/reti.vn\/blog\/wp-json\/wp\/v2\/pages\/17189\/revisions"}],"wp:attachment":[{"href":"https:\/\/reti.vn\/blog\/wp-json\/wp\/v2\/media?parent=17189"}],"curies":[{"name":"wp","href":"https:\/\/api.w.org\/{rel}","templated":true}]}}