{"id":2346,"date":"2020-04-15T09:05:03","date_gmt":"2020-04-15T09:05:03","guid":{"rendered":"https:\/\/reti.vn\/blog\/?page_id=2346"},"modified":"2020-04-17T02:17:50","modified_gmt":"2020-04-17T02:17:50","slug":"the-manh-cong-nghe","status":"publish","type":"page","link":"https:\/\/reti.vn\/blog\/tai-sao-chon-reti\/the-manh-cong-nghe\/","title":{"rendered":"Th\u1ebf m\u1ea1nh c\u00f4ng ngh\u1ec7"},"content":{"rendered":"<h1>Th\u1ebf m\u1ea1nh c\u00f4ng ngh\u1ec7<\/h1>\n<p>RETI &#8211; startup proptech &#8211; nghi\u00ean c\u1ee9u v\u00e0 ph\u00e1t tri\u1ec3n gi\u1ea3i ph\u00e1p c\u00f4ng ngh\u1ec7 (Transaction management system) \u1ee9ng d\u1ee5ng v\u00e0o qu\u00e1 tr\u00ecnh b\u00e1n h\u00e0ng, trong t\u1eebng giao d\u1ecbch mua &#8211; b\u00e1n B\u0110S gi\u1eefa 3 b\u00ean C\u0110T &#8211; m\u00f4i gi\u1edbi &#8211; kh\u00e1ch h\u00e0ng gi\u00fap minh b\u1ea1ch th\u00f4ng tin, qu\u1ea3n l\u00fd doanh thu &#8211; d\u00f2ng ti\u1ec1n &amp; booking tr\u1ef1c tuy\u1ebfn, n\u00e2ng cao hi\u1ec7u qu\u1ea3 r\u00f5 r\u1ec7t so v\u1edbi truy\u1ec1n th\u1ed1ng, t\u1ed1i \u01b0u c\u1ea3 v\u1ec1 chi ph\u00ed v\u00e0 ngu\u1ed3n l\u1ef1c<\/p>\n<h2>RETI cung c\u1ea5p n\u1ec1n t\u1ea3ng qu\u1ea3n l\u00fd &amp; b\u00e1n h\u00e0ng hi\u1ec7u <br \/>qu\u1ea3 CRM<\/h2>\n<p>\t\t\t<svg xmlns=\"http:\/\/www.w3.org\/2000\/svg\" width=\"30\" height=\"16\" viewBox=\"0 0 30 16\" fill=\"none\"><path d=\"M13.6015 15.4485L0.50644 2.47654C0.434092 2.41283 0.385859 2.34913 0.329588 2.27746C0.249201 2.18986 0.176852 2.09431 0.12862 1.99078C0.112542 1.95893 0.0964648 1.91912 0.0803873 1.8793C0.0401937 1.76782 0.0160775 1.65633 0.00803873 1.54485C0 1.50503 0 1.45725 0 1.40948C0 1.31392 0.0321549 1.21836 0.0562711 1.1228C0.0723486 1.07502 0.0803873 1.01132 0.104504 0.96354C0.168813 0.836129 0.249201 0.708719 0.361743 0.597235C0.643099 0.286673 1.06111 0.0637051 1.55148 0L28.5295 0.00796314C29.8398 0.00796314 30.4909 1.5767 29.5665 2.49246L16.4714 15.4644C15.7479 16.1891 14.3572 16.1731 13.6015 15.4485Z\" fill=\"#EF5B40\"><\/path><\/svg><br \/>\n\t\t\t\t\t\t\tT\u00ednh n\u0103ng b\u00e1o c\u00e1o v\u00e0 th\u1ed1ng k\u00ea Ti\u1ebfn \u0111\u1ed9 b\u00e1n h\u00e0ng, Qu\u1ea3n l\u00fd d\u00f2ng ti\u1ec1n trong th\u1eddi gian th\u1ef1c<br \/>\n\t\t\t\t\t\t\tT\u00ednh n\u0103ng booking tr\u1ef1c tuy\u1ebfn, tr\u1ef1c ti\u1ebfp trong th\u1eddi gian th\u1ef1c gi\u00fap ho\u1ea1t \u0111\u1ed9ng b\u00e1n h\u00e0ng nhanh ch\u00f3ng, c\u00f4ng khai, minh b\u1ea1ch, tr\u00e1nh vi\u1ec7c &#8220;gi\u1eabm ch\u00e2n nhau&#8221;&#8230;<br \/>\n\t\t\t\t\t\t\tT\u00ednh n\u0103ng qu\u1ea3n l\u00fd h\u00f3a \u0111\u01a1n, qu\u1ea3n l\u00fd ti\u1ebfn \u0111\u1ed9 thanh to\u00e1n v\u1edbi Kh\u00e1ch h\u00e0ng cu\u1ed1i<br \/>\n\t\t\t\t\t\t\tH\u1ed7 tr\u1ee3 \u0111a n\u1ec1n t\u1ea3ng bao g\u1ed3m website v\u00e0 \u1ee9ng d\u1ee5ng di \u0111\u1ed9ng<br \/>\n\t\t\t\t\t\t\tH\u1ed7 tr\u1ee3 \u0111\u1ed3ng b\u1ed9 h\u00f3a v\u1edbi c\u00e1c n\u1ec1n t\u1ea3ng, c\u00f4ng c\u1ee5 c\u1ee7a b\u00ean th\u1ee9 3\t\t\t\t\t\t<\/p>\n<h2>\u201cRETI cung c\u1ea5p gi\u1ea3i ph\u00e1p c\u00f4ng ngh\u1ec7 d\u00e0nh <br \/>ri\u00eang cho ng\u00e0nh B\u0110S\u201d <\/h2>\n<h3>\u0110\u0103ng k\u00fd nh\u1eadn t\u01b0 v\u1ea5n ngay!<\/h3>\n<p>\t\t\t<svg xmlns=\"http:\/\/www.w3.org\/2000\/svg\" width=\"30\" height=\"16\" viewBox=\"0 0 30 16\" fill=\"none\"><path d=\"M13.6015 15.4485L0.50644 2.47654C0.434092 2.41283 0.385859 2.34913 0.329588 2.27746C0.249201 2.18986 0.176852 2.09431 0.12862 1.99078C0.112542 1.95893 0.0964648 1.91912 0.0803873 1.8793C0.0401937 1.76782 0.0160775 1.65633 0.00803873 1.54485C0 1.50503 0 1.45725 0 1.40948C0 1.31392 0.0321549 1.21836 0.0562711 1.1228C0.0723486 1.07502 0.0803873 1.01132 0.104504 0.96354C0.168813 0.836129 0.249201 0.708719 0.361743 0.597235C0.643099 0.286673 1.06111 0.0637051 1.55148 0L28.5295 0.00796314C29.8398 0.00796314 30.4909 1.5767 29.5665 2.49246L16.4714 15.4644C15.7479 16.1891 14.3572 16.1731 13.6015 15.4485Z\" fill=\"#EF5B40\"><\/path><\/svg><\/p>\n","protected":false},"excerpt":{"rendered":"<p>Th\u1ebf m\u1ea1nh c\u00f4ng ngh\u1ec7 RETI &#8211; startup proptech &#8211; nghi\u00ean c\u1ee9u v\u00e0 ph\u00e1t tri\u1ec3n gi\u1ea3i ph\u00e1p c\u00f4ng ngh\u1ec7 (Transaction management system) \u1ee9ng d\u1ee5ng v\u00e0o qu\u00e1 tr\u00ecnh b\u00e1n h\u00e0ng, trong t\u1eebng giao d\u1ecbch mua &#8211; b\u00e1n B\u0110S gi\u1eefa 3 b\u00ean C\u0110T &#8211; m\u00f4i gi\u1edbi &#8211; kh\u00e1ch h\u00e0ng gi\u00fap minh b\u1ea1ch th\u00f4ng tin, qu\u1ea3n l\u00fd doanh thu [&hellip;]<\/p>\n","protected":false},"author":36,"featured_media":0,"parent":330,"menu_order":0,"comment_status":"closed","ping_status":"closed","template":"","meta":{"tdm_status":"","tdm_grid_status":"","footnotes":""},"class_list":["post-2346","page","type-page","status-publish"],"_links":{"self":[{"href":"https:\/\/reti.vn\/blog\/wp-json\/wp\/v2\/pages\/2346","targetHints":{"allow":["GET"]}}],"collection":[{"href":"https:\/\/reti.vn\/blog\/wp-json\/wp\/v2\/pages"}],"about":[{"href":"https:\/\/reti.vn\/blog\/wp-json\/wp\/v2\/types\/page"}],"author":[{"embeddable":true,"href":"https:\/\/reti.vn\/blog\/wp-json\/wp\/v2\/users\/36"}],"replies":[{"embeddable":true,"href":"https:\/\/reti.vn\/blog\/wp-json\/wp\/v2\/comments?post=2346"}],"version-history":[{"count":0,"href":"https:\/\/reti.vn\/blog\/wp-json\/wp\/v2\/pages\/2346\/revisions"}],"up":[{"embeddable":true,"href":"https:\/\/reti.vn\/blog\/wp-json\/wp\/v2\/pages\/330"}],"wp:attachment":[{"href":"https:\/\/reti.vn\/blog\/wp-json\/wp\/v2\/media?parent=2346"}],"curies":[{"name":"wp","href":"https:\/\/api.w.org\/{rel}","templated":true}]}}