{"id":330,"date":"2020-03-25T06:53:38","date_gmt":"2020-03-25T06:53:38","guid":{"rendered":"https:\/\/reti.vn\/blog\/?page_id=330"},"modified":"2020-04-17T02:17:30","modified_gmt":"2020-04-17T02:17:30","slug":"tai-sao-chon-reti","status":"publish","type":"page","link":"https:\/\/reti.vn\/blog\/tai-sao-chon-reti\/","title":{"rendered":"T\u1ea1i sao ch\u1ecdn Reti"},"content":{"rendered":"<h1>T\u1ea0I SAO CH\u1eccN RETI<\/h1>\n<p>RETI l\u00e0 \u0111\u01a1n v\u1ecb ti\u00ean phong trong vi\u1ec7c x\u00e2y d\u1ef1ng v\u00e0 ph\u00e1t tri\u1ec3n n\u1ec1n t\u1ea3ng B\u0110S c\u00f4ng ngh\u1ec7 s\u1ed1, gi\u00fap n\u00e2ng t\u1ea7m tr\u1ea3i nghi\u1ec7m c\u1ee7a t\u1ea5t c\u1ea3 c\u00e1c ch\u1ee7 th\u1ec3 tham gia v\u00e0o th\u1ecb tr\u01b0\u1eddng B\u0110S bao g\u1ed3m C\u0110T &#8211; m\u00f4i gi\u1edbi &#8211; kh\u00e1ch h\u00e0ng. Th\u1ebf m\u1ea1nh c\u1ee7a RETI v\u1ec1 c\u00f4ng ngh\u1ec7, marketing v\u00e0 m\u1ea1ng l\u01b0\u1edbi li\u00ean k\u1ebft gi\u00fap ch\u00fang t\u00f4i t\u1ef1 tin tri\u1ec3n khai c\u00e1c gi\u1ea3i ph\u00e1p chuy\u00ean bi\u1ec7t &#8211; tr\u1ecdn g\u00f3i d\u00e0nh ri\u00eang cho th\u1ecb tr\u01b0\u1eddng B\u0110S.<\/p>\n<h2>Gi\u1ea3i ph\u00e1p c\u00f4ng ngh\u1ec7 d\u00e0nh ri\u00eang cho ng\u00e0nh B\u0110S<\/h2>\n<p>\t\t\t<svg xmlns=\"http:\/\/www.w3.org\/2000\/svg\" width=\"30\" height=\"16\" viewBox=\"0 0 30 16\" fill=\"none\"><path d=\"M13.6015 15.4485L0.50644 2.47654C0.434092 2.41283 0.385859 2.34913 0.329588 2.27746C0.249201 2.18986 0.176852 2.09431 0.12862 1.99078C0.112542 1.95893 0.0964648 1.91912 0.0803873 1.8793C0.0401937 1.76782 0.0160775 1.65633 0.00803873 1.54485C0 1.50503 0 1.45725 0 1.40948C0 1.31392 0.0321549 1.21836 0.0562711 1.1228C0.0723486 1.07502 0.0803873 1.01132 0.104504 0.96354C0.168813 0.836129 0.249201 0.708719 0.361743 0.597235C0.643099 0.286673 1.06111 0.0637051 1.55148 0L28.5295 0.00796314C29.8398 0.00796314 30.4909 1.5767 29.5665 2.49246L16.4714 15.4644C15.7479 16.1891 14.3572 16.1731 13.6015 15.4485Z\" fill=\"#EF5B40\"><\/path><\/svg>\t\t\t<\/p>\n<p style=\"text-align: left;\">RETI &#8211; startup proptech &#8211; nghi\u00ean c\u1ee9u v\u00e0 ph\u00e1t tri\u1ec3n gi\u1ea3i ph\u00e1p c\u00f4ng ngh\u1ec7 (Transaction management system) \u1ee9ng d\u1ee5ng v\u00e0o qu\u00e1 tr\u00ecnh b\u00e1n h\u00e0ng, trong t\u1eebng giao d\u1ecbch mua &#8211; b\u00e1n B\u0110S gi\u1eefa 3 b\u00ean C\u0110T &#8211; m\u00f4i gi\u1edbi &#8211; kh\u00e1ch h\u00e0ng gi\u00fap minh b\u1ea1ch th\u00f4ng tin, qu\u1ea3n l\u00fd doanh thu &#8211; d\u00f2ng ti\u1ec1n &amp; booking tr\u1ef1c tuy\u1ebfn, n\u00e2ng cao hi\u1ec7u qu\u1ea3 r\u00f5 r\u1ec7t so v\u1edbi truy\u1ec1n th\u1ed1ng, t\u1ed1i \u01b0u c\u1ea3 v\u1ec1 chi ph\u00ed v\u00e0 ngu\u1ed3n l\u1ef1c.<\/p>\n<p>\t\t\t\t\t\t\t\t\t\t<img decoding=\"async\" data-src=\"https:\/\/reti.vn\/blog\/wp-content\/uploads\/elementor\/thumbs\/real-estate-marketing-plan-ondbzyq0n8yv6l6duxwuncqe1okzqz6sgrzkr9ykfo.jpeg\" title=\"buy house, real estate concept, different offers of property online, hands typing on computer as background\" alt=\"buy house, real estate concept, different offers of property online, hands typing on computer as background\" src=\"data:image\/svg+xml;base64,PHN2ZyB3aWR0aD0iMSIgaGVpZ2h0PSIxIiB4bWxucz0iaHR0cDovL3d3dy53My5vcmcvMjAwMC9zdmciPjwvc3ZnPg==\" class=\"lazyload\" \/>\t\t\t\t\t\t\t\t\t\t\t<\/p>\n<ul>\n<li style=\"font-weight: 400;\">T\u00ednh n\u0103ng b\u00e1o c\u00e1o v\u00e0 th\u1ed1ng k\u00ea Ti\u1ebfn \u0111\u1ed9 b\u00e1n h\u00e0ng, Qu\u1ea3n l\u00fd d\u00f2ng ti\u1ec1n trong th\u1eddi gian th\u1ef1c<\/li>\n<li style=\"font-weight: 400;\">T\u00ednh n\u0103ng booking tr\u1ef1c tuy\u1ebfn, tr\u1ef1c ti\u1ebfp trong th\u1eddi gian th\u1ef1c gi\u00fap ho\u1ea1t \u0111\u1ed9ng b\u00e1n h\u00e0ng nhanh ch\u00f3ng, c\u00f4ng khai, minh b\u1ea1ch<\/li>\n<li style=\"font-weight: 400;\">T\u00ednh n\u0103ng qu\u1ea3n l\u00fd h\u00f3a \u0111\u01a1n, qu\u1ea3n l\u00fd ti\u1ebfn \u0111\u1ed9 thanh to\u00e1n v\u1edbi Kh\u00e1ch h\u00e0ng cu\u1ed1i<\/li>\n<li style=\"font-weight: 400;\">H\u1ed7 tr\u1ee3 \u0111a n\u1ec1n t\u1ea3ng bao g\u1ed3m website v\u00e0 \u1ee9ng d\u1ee5ng di \u0111\u1ed9ng<\/li>\n<li style=\"font-weight: 400;\">H\u1ed7 tr\u1ee3 \u0111\u1ed3ng b\u1ed9 h\u00f3a v\u1edbi c\u00e1c n\u1ec1n t\u1ea3ng, c\u00f4ng c\u1ee5 c\u1ee7a b\u00ean th\u1ee9 3<\/li>\n<\/ul>\n<p>\t\t\t<a href=\"#\" role=\"button\"><br \/>\n\t\t\t\t\t\tXem th\u00eam<br \/>\n\t\t\t\t\t<\/a><\/p>\n<h2>Gi\u1ea3i ph\u00e1p marketing chuy\u00ean nghi\u1ec7p &#038; hi\u1ec7u qu\u1ea3<\/h2>\n<p>\t\t\t<svg xmlns=\"http:\/\/www.w3.org\/2000\/svg\" width=\"30\" height=\"16\" viewBox=\"0 0 30 16\" fill=\"none\"><path d=\"M13.6015 15.4485L0.50644 2.47654C0.434092 2.41283 0.385859 2.34913 0.329588 2.27746C0.249201 2.18986 0.176852 2.09431 0.12862 1.99078C0.112542 1.95893 0.0964648 1.91912 0.0803873 1.8793C0.0401937 1.76782 0.0160775 1.65633 0.00803873 1.54485C0 1.50503 0 1.45725 0 1.40948C0 1.31392 0.0321549 1.21836 0.0562711 1.1228C0.0723486 1.07502 0.0803873 1.01132 0.104504 0.96354C0.168813 0.836129 0.249201 0.708719 0.361743 0.597235C0.643099 0.286673 1.06111 0.0637051 1.55148 0L28.5295 0.00796314C29.8398 0.00796314 30.4909 1.5767 29.5665 2.49246L16.4714 15.4644C15.7479 16.1891 14.3572 16.1731 13.6015 15.4485Z\" fill=\"#EF5B40\"><\/path><\/svg>\t\t\t<\/p>\n<p style=\"text-align: left;\">B\u1eb1ng vi\u1ec7c nghi\u00ean c\u1ee9u chuy\u00ean s\u00e2u th\u1ecb tr\u01b0\u1eddng B\u0110S v\u00e0 h\u00e0nh vi kh\u00e1ch h\u00e0ng, RETI x\u00e2y d\u1ef1ng c\u00e1c gi\u1ea3i ph\u00e1p marketing chuy\u00ean s\u00e2u d\u00e0nh ri\u00eang t\u1eebng lo\u1ea1i h\u00ecnh, ph\u00e2n kh\u00fac b\u1ea5t \u0111\u1ed9ng s\u1ea3n, ph\u00f9 h\u1ee3p v\u1edbi t\u1eebng m\u1ee5c ti\u00eau, chi\u1ebfn l\u01b0\u1ee3c ph\u00e1t tri\u1ec3n kh\u00e1c nhau c\u1ee7a m\u1ed7i d\u1ef1 \u00e1n, m\u1ed7i C\u0110T.<\/p>\n<ul>\n<li style=\"font-weight: 400;\">Th\u1ea5u hi\u1ec3u th\u1ecb tr\u01b0\u1eddng B\u0110S, s\u1ea3n ph\u1ea9m v\u00e0 kh\u00e1ch h\u00e0ng<\/li>\n<li style=\"font-weight: 400;\">\u0110\u1ed9i ng\u0169 marketer chuy\u00ean nghi\u1ec7p d\u00e0y d\u1eb7n kinh nghi\u1ec7m th\u1ef1c chi\u1ebfn<\/li>\n<li style=\"font-weight: 400;\">Ho\u1ea1ch \u0111\u1ecbnh chi\u1ebfn l\u01b0\u1ee3c th\u00f4ng minh b\u1eb1ng tr\u00ed tu\u1ec7 nh\u00e2n t\u1ea1o AI<\/li>\n<li style=\"font-weight: 400;\">Ti\u1ebfp c\u1eadn \u0111\u00fang kh\u00e1ch h\u00e0ng m\u1ee5c ti\u00eau d\u1ef1a tr\u00ean c\u01a1 s\u1edf big-data<\/li>\n<li style=\"font-weight: 400;\">Khai th\u00e1c kh\u00e1ch h\u00e0ng ti\u1ec1m n\u0103ng hi\u1ec7u qu\u1ea3 th\u00f4ng qua ph\u01b0\u01a1ng ph\u00e1p d\u1eef li\u1ec7u \u0111\u1ecbnh h\u01b0\u1edbng data-driven<\/li>\n<li style=\"font-weight: 400;\">\u0110a d\u1ea1ng l\u1ef1a ch\u1ecdn c\u00e1c g\u00f3i marketing \u0111\u01a1n l\u1ebb v\u00e0 t\u1ed5ng th\u1ec3 theo y\u00eau c\u1ea7u<\/li>\n<\/ul>\n<p>\t\t\t<a href=\"#\" role=\"button\"><br \/>\n\t\t\t\t\t\tXem th\u00eam<br \/>\n\t\t\t\t\t<\/a><br \/>\n\t\t\t\t\t\t\t\t\t\t<img decoding=\"async\" data-src=\"https:\/\/reti.vn\/blog\/wp-content\/uploads\/elementor\/thumbs\/real-estate-marketing-plan-ondbzyq0n8yv6l6duxwuncqe1okzqz6sgrzkr9ykfo.jpeg\" title=\"buy house, real estate concept, different offers of property online, hands typing on computer as background\" alt=\"buy house, real estate concept, different offers of property online, hands typing on computer as background\" src=\"data:image\/svg+xml;base64,PHN2ZyB3aWR0aD0iMSIgaGVpZ2h0PSIxIiB4bWxucz0iaHR0cDovL3d3dy53My5vcmcvMjAwMC9zdmciPjwvc3ZnPg==\" class=\"lazyload\" \/><br \/>\n\t\t\t\t\t\t\t\t\t\t<img decoding=\"async\" data-src=\"https:\/\/reti.vn\/blog\/wp-content\/uploads\/2020\/03\/sales-team-success-thinkstock-100531538-large.jpg\" title=\"\" alt=\"\" src=\"data:image\/svg+xml;base64,PHN2ZyB3aWR0aD0iMSIgaGVpZ2h0PSIxIiB4bWxucz0iaHR0cDovL3d3dy53My5vcmcvMjAwMC9zdmciPjwvc3ZnPg==\" class=\"lazyload\">\t\t\t\t\t\t\t\t\t\t\t<\/p>\n<h2>M\u1ea1ng l\u01b0\u1edbi \u0111\u1ea1i l\u00fd ph\u00e2n ph\u1ed1i v\u1eefng m\u1ea1nh, r\u1ed9ng l\u1edbn<\/h2>\n<p>\t\t\t<svg xmlns=\"http:\/\/www.w3.org\/2000\/svg\" width=\"30\" height=\"16\" viewBox=\"0 0 30 16\" fill=\"none\"><path d=\"M13.6015 15.4485L0.50644 2.47654C0.434092 2.41283 0.385859 2.34913 0.329588 2.27746C0.249201 2.18986 0.176852 2.09431 0.12862 1.99078C0.112542 1.95893 0.0964648 1.91912 0.0803873 1.8793C0.0401937 1.76782 0.0160775 1.65633 0.00803873 1.54485C0 1.50503 0 1.45725 0 1.40948C0 1.31392 0.0321549 1.21836 0.0562711 1.1228C0.0723486 1.07502 0.0803873 1.01132 0.104504 0.96354C0.168813 0.836129 0.249201 0.708719 0.361743 0.597235C0.643099 0.286673 1.06111 0.0637051 1.55148 0L28.5295 0.00796314C29.8398 0.00796314 30.4909 1.5767 29.5665 2.49246L16.4714 15.4644C15.7479 16.1891 14.3572 16.1731 13.6015 15.4485Z\" fill=\"#EF5B40\"><\/path><\/svg>\t\t\t<\/p>\n<p style=\"text-align: left;\">S\u1edf h\u1eefu m\u1ea1ng l\u01b0\u1edbi s\u00e0n\/\u0111\u1ea1i l\u00fd li\u00ean k\u1ebft v\u00e0 CTV m\u00f4i gi\u1edbi B\u0110S l\u1edbn m\u1ea1nh, RETI l\u00e0 c\u1ea7u n\u1ed1i gi\u00fap \u0111\u01b0a c\u00e1c s\u1ea3n ph\u1ea9m B\u0110S nhanh ch\u00f3ng \u0111\u1ebfn \u0111\u01b0\u1ee3c kh\u00e1ch h\u00e0ng c\u00f3 nhu c\u1ea7u \u1edf m\u1ecdi mi\u1ec1n \u0111\u1ea5t n\u01b0\u1edbc. C\u1ed9ng \u0111\u1ed3ng RETI k\u1ebft n\u1ed1i c\u00e1c nh\u00e0 m\u00f4i gi\u1edbi Vi\u1ec7t Nam h\u1ed9i t\u1ee5 \u0111\u1ea7y \u0111\u1ee7 nh\u1eefng ti\u00eau chu\u1ea9n v\u1ec1 chuy\u00ean m\u00f4n, \u0111\u1ea1o \u0111\u1ee9c, c\u00f9ng RETI chuy\u00ean nghi\u1ec7p h\u01a1n t\u1eebng ng\u00e0y, v\u00e0 \u0111\u1eb7t m\u1ee5c ti\u00eau ghi d\u1ea5u \u1ea5n m\u1ea1nh m\u1ebd tr\u00ean th\u1ecb tr\u01b0\u1eddng B\u0110S kh\u00f4ng bi\u00ean gi\u1edbi. C\u1ed9ng \u0111\u1ed3ng RETI r\u1ed9ng l\u1edbn gi\u00fap C\u0110T:<\/p>\n<p>\t\t\t\t\t\t\t\t\t\t<img decoding=\"async\" data-src=\"https:\/\/reti.vn\/blog\/wp-content\/uploads\/elementor\/thumbs\/real-estate-marketing-plan-ondbzyq0n8yv6l6duxwuncqe1okzqz6sgrzkr9ykfo.jpeg\" title=\"buy house, real estate concept, different offers of property online, hands typing on computer as background\" alt=\"buy house, real estate concept, different offers of property online, hands typing on computer as background\" src=\"data:image\/svg+xml;base64,PHN2ZyB3aWR0aD0iMSIgaGVpZ2h0PSIxIiB4bWxucz0iaHR0cDovL3d3dy53My5vcmcvMjAwMC9zdmciPjwvc3ZnPg==\" class=\"lazyload\" \/>\t\t\t\t\t\t\t\t\t\t\t<\/p>\n<ul>\n<li>\u0110\u1ed9i ng\u0169 b\u00e1n h\u00e0ng nhi\u1ec1u kinh nghi\u1ec7m, v\u00e0o vi\u1ec7c nhanh ch\u00f3ng<\/li>\n<li>Ti\u1ebfp c\u1eadn l\u01b0\u1ee3ng kh\u00e1ch h\u00e0ng c\u1ef1c l\u1edbn<\/li>\n<li>Qu\u1ea3ng b\u00e1 th\u01b0\u01a1ng hi\u1ec7u to\u00e0n qu\u1ed1c 0\u0111<\/li>\n<li>\u0110\u1ea9y nhanh t\u1ed1c \u0111\u1ed9 b\u00e1n h\u00e0ng<\/li>\n<li>D\u1ec5 d\u00e0ng ho\u00e0n th\u00e0nh m\u1ee5c ti\u00eau kinh doanh<\/li>\n<\/ul>\n<p>\t\t\t<a href=\"#\" role=\"button\"><br \/>\n\t\t\t\t\t\tXem th\u00eam<br \/>\n\t\t\t\t\t<\/a><\/p>\n","protected":false},"excerpt":{"rendered":"<p>T\u1ea0I SAO CH\u1eccN RETI RETI l\u00e0 \u0111\u01a1n v\u1ecb ti\u00ean phong trong vi\u1ec7c x\u00e2y d\u1ef1ng v\u00e0 ph\u00e1t tri\u1ec3n n\u1ec1n t\u1ea3ng B\u0110S c\u00f4ng ngh\u1ec7 s\u1ed1, gi\u00fap n\u00e2ng t\u1ea7m tr\u1ea3i nghi\u1ec7m c\u1ee7a t\u1ea5t c\u1ea3 c\u00e1c ch\u1ee7 th\u1ec3 tham gia v\u00e0o th\u1ecb tr\u01b0\u1eddng B\u0110S bao g\u1ed3m C\u0110T &#8211; m\u00f4i gi\u1edbi &#8211; kh\u00e1ch h\u00e0ng. Th\u1ebf m\u1ea1nh c\u1ee7a RETI v\u1ec1 c\u00f4ng [&hellip;]<\/p>\n","protected":false},"author":36,"featured_media":0,"parent":0,"menu_order":0,"comment_status":"closed","ping_status":"closed","template":"","meta":{"tdm_status":"","tdm_grid_status":"","footnotes":""},"class_list":["post-330","page","type-page","status-publish"],"_links":{"self":[{"href":"https:\/\/reti.vn\/blog\/wp-json\/wp\/v2\/pages\/330","targetHints":{"allow":["GET"]}}],"collection":[{"href":"https:\/\/reti.vn\/blog\/wp-json\/wp\/v2\/pages"}],"about":[{"href":"https:\/\/reti.vn\/blog\/wp-json\/wp\/v2\/types\/page"}],"author":[{"embeddable":true,"href":"https:\/\/reti.vn\/blog\/wp-json\/wp\/v2\/users\/36"}],"replies":[{"embeddable":true,"href":"https:\/\/reti.vn\/blog\/wp-json\/wp\/v2\/comments?post=330"}],"version-history":[{"count":0,"href":"https:\/\/reti.vn\/blog\/wp-json\/wp\/v2\/pages\/330\/revisions"}],"wp:attachment":[{"href":"https:\/\/reti.vn\/blog\/wp-json\/wp\/v2\/media?parent=330"}],"curies":[{"name":"wp","href":"https:\/\/api.w.org\/{rel}","templated":true}]}}