{"id":6960,"date":"2020-06-12T10:33:33","date_gmt":"2020-06-12T03:33:33","guid":{"rendered":"https:\/\/reti.vn\/blog\/?page_id=6960"},"modified":"2024-07-19T15:58:15","modified_gmt":"2024-07-19T08:58:15","slug":"lien-he-2","status":"publish","type":"page","link":"https:\/\/reti.vn\/blog\/lien-he-2\/","title":{"rendered":"Li\u00ean h\u1ec7"},"content":{"rendered":"\r\n<div class=\"wp-block-cover alignfull is-position-center-center lazyload\" style=\"background-image:inherit; min-height: 375px;aspect-ratio:unset;\" data-bg-image=\"url(&amp;apos;https:\/\/reti.vn\/blog\/wp-content\/uploads\/2020\/11\/image-1-2-1.png&amp;apos;)\">\r\n<div class=\"wp-block-cover__inner-container is-layout-flow wp-block-cover-is-layout-flow\">\r\n<h1 class=\"has-text-align-center wp-block-heading\">B\u1ea1n \u0111\u00e3 s\u1eb5n s\u00e0ng gia nh\u1eadp c\u1ed9ng \u0111\u1ed3ng RETIAN ch\u01b0a?<\/h1>\r\n<\/div>\r\n<\/div>\r\n\r\n\r\n\r\n<h2 class=\"has-text-align-center wp-block-heading\">Quy tr\u00ecnh tr\u1edf th\u00e0nh RETIAN<\/h2>\r\n\r\n\r\n\r\n<div class=\"wp-block-columns are-vertically-aligned-center is-layout-flex wp-container-core-columns-is-layout-9d6595d7 wp-block-columns-is-layout-flex\">\r\n<div class=\"wp-block-column is-vertically-aligned-center is-layout-flow wp-block-column-is-layout-flow\" style=\"flex-basis: 25%;\">\r\n\r\n\r\n<h3 class=\"wp-block-heading\">B\u01b0\u1edbc 1<\/h3>\r\n\r\n\r\n\r\n<p>\u0110\u0103ng k\u00fd th\u00f4ng tin t\u1ea1i \u0111\u00e2y<\/p>\r\n<\/div>\r\n\r\n\r\n\r\n<div class=\"wp-block-column is-vertically-aligned-center is-layout-flow wp-block-column-is-layout-flow\">\r\n<p>Ho\u00e0n to\u00e0n mi\u1ec5n ph\u00ed v\u00e0 ch\u1ec9 m\u1ea5t 3s \u0111\u1ec3 \u0111\u0103ng k\u00fd. L\u01b0u \u00fd \u0111\u00e2y l\u00e0 th\u00f4ng tin gi\u00fap RETI li\u00ean l\u1ea1c v\u1edbi b\u1ea1n, n\u00ean h\u00e3y \u0111i\u1ec1n th\u1eadt ch\u00ednh x\u00e1c nh\u00e9.<br \/>RETI cam k\u1ebft ch\u1ec9 s\u1eed d\u1ee5ng d\u1eef li\u1ec7u c\u00e1 nh\u00e2n cho m\u1ee5c \u0111\u00edch tuy\u1ec3n d\u1ee5ng, b\u1ea3o m\u1eadt tuy\u1ec7t \u0111\u1ed1i v\u00e0 kh\u00f4ng chia s\u1ebb cho m\u1ed9t b\u00ean th\u1ee9 3 n\u00e0o kh\u00e1c.<\/p>\r\n<\/div>\r\n<\/div>\r\n\r\n\r\n\r\n<div class=\"wp-block-columns are-vertically-aligned-center is-layout-flex wp-container-core-columns-is-layout-9d6595d7 wp-block-columns-is-layout-flex\">\r\n<div class=\"wp-block-column is-vertically-aligned-center is-layout-flow wp-block-column-is-layout-flow\" style=\"flex-basis: 25%;\">\r\n\r\n\r\n<h3 class=\"wp-block-heading\">B\u01b0\u1edbc 2<\/h3>\r\n\r\n\r\n\r\n<p>\u0110\u00e1nh gi\u00e1 n\u0103ng l\u1ef1c<\/p>\r\n<\/div>\r\n\r\n\r\n\r\n<div class=\"wp-block-column is-vertically-aligned-center is-layout-flow wp-block-column-is-layout-flow\">\r\n<p>Sau khi nh\u1eadn \u0111\u01b0\u1ee3c th\u00f4ng tin \u0111\u0103ng k\u00fd c\u1ee7a b\u1ea1n, chuy\u00ean vi\u00ean tuy\u1ec3n d\u1ee5ng c\u1ee7a RETI s\u1ebd li\u00ean h\u1ec7 l\u1ea1i, ph\u1ecfng v\u1ea5n ti\u1ec7n l\u1ee3i qua \u0111i\u1ec7n tho\u1ea1i v\u00e0 tr\u1ea3 k\u1ebft qu\u1ea3 trong v\u00f2ng 3 ng\u00e0y l\u00e0m vi\u1ec7c.<\/p>\r\n<\/div>\r\n<\/div>\r\n\r\n\r\n\r\n<div class=\"wp-block-columns are-vertically-aligned-center is-layout-flex wp-container-core-columns-is-layout-9d6595d7 wp-block-columns-is-layout-flex\">\r\n<div class=\"wp-block-column is-vertically-aligned-center is-layout-flow wp-block-column-is-layout-flow\" style=\"flex-basis: 25%;\">\r\n\r\n\r\n<h3 class=\"wp-block-heading\">B\u01b0\u1edbc 3<\/h3>\r\n\r\n\r\n\r\n<p>Tho\u1ea3 thu\u1eadn h\u1ee3p t\u00e1c<\/p>\r\n<\/div>\r\n\r\n\r\n\r\n<div class=\"wp-block-column is-vertically-aligned-center is-layout-flow wp-block-column-is-layout-flow\">\r\n<p>Trong tr\u01b0\u1eddng h\u1ee3p b\u1ea1n v\u01b0\u1ee3t qua v\u00f2ng \u0111\u00e1nh gi\u00e1 n\u0103ng l\u1ef1c, RETI s\u1ebd g\u1eedi l\u1ea1i tho\u1ea3 thu\u1eadn h\u1ee3p t\u00e1c cho b\u1ea1n th\u00f4ng qua email. N\u1ebfu b\u1ea1n ch\u1ea5p thu\u1eadn \u0111\u1ec1 ngh\u1ecb n\u00e0y, RETI r\u1ea5t vui \u0111\u01b0\u1ee3c c\u00f9ng b\u1ea1n \u0111i \u0111\u1ebfn b\u01b0\u1edbc th\u1ee9 4 c\u1ee7a quy tr\u00ecnh.<\/p>\r\n<\/div>\r\n<\/div>\r\n\r\n\r\n\r\n<div class=\"wp-block-columns are-vertically-aligned-center is-layout-flex wp-container-core-columns-is-layout-9d6595d7 wp-block-columns-is-layout-flex\">\r\n<div class=\"wp-block-column is-vertically-aligned-center is-layout-flow wp-block-column-is-layout-flow\" style=\"flex-basis: 25%;\">\r\n\r\n\r\n<h3 class=\"wp-block-heading\">B\u01b0\u1edbc 4<\/h3>\r\n\r\n\r\n\r\n<p>K\u00fd k\u1ebft h\u1ee3p t\u00e1c<\/p>\r\n<\/div>\r\n\r\n\r\n\r\n<div class=\"wp-block-column is-vertically-aligned-center is-layout-flow wp-block-column-is-layout-flow\">\r\n<p>B\u1ea1n s\u1ebd c\u1ea7n c\u00f3 m\u1eb7t t\u1ea1i v\u0103n ph\u00f2ng c\u1ee7a RETI \u0111\u1ec3 k\u00fd h\u1ee3p \u0111\u1ed3ng h\u1ee3p t\u00e1c n\u00e0y. C\u0169ng trong bu\u1ed5i n\u00e0y, RETI s\u1ebd c\u00f3 m\u1ed9t v\u00e0i m\u00f3n qu\u00e0 v\u00e0 ho\u1ea1t \u0111\u1ed9ng nh\u1ecf \u0111\u1ec3 ch\u00e0o m\u1eebng b\u1ea1n gia nh\u1eadp c\u1ed9ng \u0111\u1ed3ng RETIAN.<\/p>\r\n<\/div>\r\n<\/div>\r\n\r\n\r\n\r\n<div class=\"wp-block-columns are-vertically-aligned-center is-layout-flex wp-container-core-columns-is-layout-9d6595d7 wp-block-columns-is-layout-flex\">\r\n<div class=\"wp-block-column is-vertically-aligned-center is-layout-flow wp-block-column-is-layout-flow\" style=\"flex-basis: 25%;\">\r\n\r\n\r\n<h3 class=\"wp-block-heading\">B\u01b0\u1edbc 5<\/h3>\r\n\r\n\r\n\r\n<p>\u0110\u00e0o t\u1ea1o v\u00e0 l\u00e0m vi\u1ec7c<\/p>\r\n<\/div>\r\n\r\n\r\n\r\n<div class=\"wp-block-column is-vertically-aligned-center is-layout-flow wp-block-column-is-layout-flow\">\r\n<p>Chuy\u00ean vi\u00ean h\u1ed7 tr\u1ee3 c\u00e1 nh\u00e2n c\u1ee7a RETI s\u1ebd ti\u1ebfp n\u1ed1i h\u00e0nh tr\u00ecnh l\u00e0m vi\u1ec7c c\u1ee7a b\u1ea1n t\u1eeb \u0111\u00e2y. H\u1ecd s\u1ebd cung c\u1ea5p to\u00e0n b\u1ed9 t\u00e0i li\u1ec7u \u0111\u00e0o t\u1ea1o v\u00e0 h\u01b0\u1edbng d\u1eabn b\u1ea1n t\u1eebng b\u01b0\u1edbc \u0111\u1ec3 c\u00f3 th\u1ec3 b\u1eaft tay v\u00e0o l\u00e0m vi\u1ec7c s\u1edbm nh\u1ea5t c\u00f3 th\u1ec3.<\/p>\r\n<\/div>\r\n<\/div>\r\n\r\n\r\n\r\n<div class=\"wp-block-columns alignwide khoi-margin-am is-layout-flex wp-container-core-columns-is-layout-9d6595d7 wp-block-columns-is-layout-flex\">\r\n<div class=\"wp-block-column is-layout-flow wp-block-column-is-layout-flow\">\r\n<div class=\"wp-block-spacer\" style=\"height: 150px;\" aria-hidden=\"true\">\u00a0<\/div>\r\n\r\n\r\n\r\n<h2 class=\"has-text-align-center wp-block-heading\">\u0110\u0103ng k\u00fd nh\u1eadn t\u01b0 v\u1ea5n ngay<\/h2>\r\n\r\n\r\n\r\n<div class=\"wp-block-group\">\r\n<div class=\"wp-block-group__inner-container is-layout-flow wp-block-group-is-layout-flow\">\r\n<div class=\"wp-block-contact-form-7-contact-form-selector\">\n<div class=\"wpcf7 no-js\" id=\"wpcf7-f17028-o1\" lang=\"vi\" dir=\"ltr\" data-wpcf7-id=\"17028\">\n<div class=\"screen-reader-response\"><p role=\"status\" aria-live=\"polite\" aria-atomic=\"true\"><\/p> <ul><\/ul><\/div>\n<form action=\"\/blog\/wp-json\/wp\/v2\/pages\/6960#wpcf7-f17028-o1\" method=\"post\" class=\"wpcf7-form init\" aria-label=\"Form li\u00ean h\u1ec7\" novalidate=\"novalidate\" data-status=\"init\">\n<fieldset class=\"hidden-fields-container\"><input type=\"hidden\" name=\"_wpcf7\" value=\"17028\" \/><input type=\"hidden\" name=\"_wpcf7_version\" value=\"6.1.5\" \/><input type=\"hidden\" name=\"_wpcf7_locale\" value=\"vi\" \/><input type=\"hidden\" name=\"_wpcf7_unit_tag\" value=\"wpcf7-f17028-o1\" \/><input type=\"hidden\" name=\"_wpcf7_container_post\" value=\"0\" \/><input type=\"hidden\" name=\"_wpcf7_posted_data_hash\" value=\"\" \/><input type=\"hidden\" name=\"_wpcf7_recaptcha_response\" value=\"\" \/>\n<\/fieldset>\n<p><span class=\"wpcf7-form-control-wrap\" data-name=\"Hoten\"><input size=\"40\" maxlength=\"400\" class=\"wpcf7-form-control wpcf7-text wpcf7-validates-as-required\" aria-required=\"true\" aria-invalid=\"false\" placeholder=\"Ho\u0323 Va\u0300 T\u00ean\" value=\"\" type=\"text\" name=\"Hoten\" \/><\/span>\n<\/p>\n<p><span class=\"wpcf7-form-control-wrap\" data-name=\"Email\"><input size=\"40\" maxlength=\"400\" class=\"wpcf7-form-control wpcf7-email wpcf7-validates-as-required wpcf7-text wpcf7-validates-as-email\" aria-required=\"true\" aria-invalid=\"false\" placeholder=\"\u0110i\u0323a chi\u0309 Email\" value=\"\" type=\"email\" name=\"Email\" \/><\/span>\n<\/p>\n<p><span class=\"wpcf7-form-control-wrap\" data-name=\"Sodienthoai\"><input size=\"40\" maxlength=\"400\" class=\"wpcf7-form-control wpcf7-tel wpcf7-validates-as-required wpcf7-text wpcf7-validates-as-tel\" aria-required=\"true\" aria-invalid=\"false\" placeholder=\"S\u00f4\u0301 \u0110i\u00ea\u0323n Thoa\u0323i\" value=\"\" type=\"tel\" name=\"Sodienthoai\" \/><\/span>\n<\/p>\n<p><input class=\"wpcf7-form-control wpcf7-submit has-spinner\" type=\"submit\" value=\"G\u01b0\u0309i ngay\" \/>\n<\/p><div class=\"wpcf7-response-output\" aria-hidden=\"true\"><\/div>\n<\/form>\n<\/div>\n<\/div>\r\n<\/div>\r\n<\/div>\r\n<\/div>\r\n<\/div>\r\n\r\n\r\n\r\n<h2 class=\"has-text-align-center wp-block-heading\">B\u1ea1n c\u1ea7n li\u00ean h\u1ec7 tr\u1ef1c ti\u1ebfp<\/h2>\r\n\r\n\r\n\r\n<div class=\"wp-block-columns is-layout-flex wp-container-core-columns-is-layout-9d6595d7 wp-block-columns-is-layout-flex\">\r\n<div class=\"wp-block-column is-layout-flow wp-block-column-is-layout-flow\">\r\n<h3 class=\"has-text-align-center wp-block-heading\">Ph\u1ee5 tr\u00e1ch kinh doanh<\/h3>\r\n\r\n\r\n\r\n<p class=\"has-text-align-center\">Li\u00ean h\u1ec7 tr\u1ef1c ti\u1ebfp v\u1ec1 s\u1ea3n ph\u1ea9m ho\u1eb7c t\u01b0 v\u1ea5n tri\u1ec3n khai mua &#8211; b\u00e1n<\/p>\r\n\r\n\r\n\r\n<p class=\"has-text-align-center\">Email : ha.nguyen@reti.vn<\/p>\r\n\r\n\r\n\r\n<p class=\"has-text-align-center\">Mr. H\u00e0 \u2013 0946 856 644<\/p>\r\n<\/div>\r\n\r\n\r\n\r\n<div class=\"wp-block-column is-layout-flow wp-block-column-is-layout-flow\">\r\n<h3 class=\"has-text-align-center wp-block-heading\">Ph\u1ee5 tr\u00e1ch Marketing<\/h3>\r\n\r\n\r\n\r\n<p class=\"has-text-align-center\">Li\u00ean h\u1ec7 tr\u1ef1c ti\u1ebfp v\u1ec1 gi\u1ea3i ph\u00e1p truy\u1ec1n th\u00f4ng v\u00e0 qu\u1ea3ng c\u00e1o<\/p>\r\n\r\n\r\n\r\n<p class=\"has-text-align-center\">Email : marketing@reti.vn<\/p>\r\n\r\n\r\n\r\n<p class=\"has-text-align-center\">Mrs. Duy\u00ean \u2013 0987 126 898<\/p>\r\n<\/div>\r\n\r\n\r\n\r\n<div class=\"wp-block-column is-layout-flow wp-block-column-is-layout-flow\">\r\n<h3 class=\"has-text-align-center wp-block-heading\">Ph\u1ee5 tr\u00e1ch c\u00f4ng ngh\u1ec7<\/h3>\r\n\r\n\r\n\r\n<p class=\"has-text-align-center\">Li\u00ean h\u1ec7 tr\u1ef1c ti\u1ebfp v\u1ec1 gi\u1ea3i ph\u00e1p c\u00f4ng ngh\u1ec7 \u1ee9ng d\u1ee5ng<\/p>\r\n<p>0832 606162<\/p>\r\n\r\n\r\n\r\n\r\n<\/div>\r\n<\/div>\r\n\r\n\r\n\r\n<div class=\"responsive-map-container\"><!-- place the iframe code between here... --> <iframe style=\"border: 0;\" data-src=\"https:\/\/www.google.com\/maps\/embed?pb=!1m14!1m8!1m3!1d14897.324478348433!2d105.826495!3d21.0194331!3m2!1i1024!2i768!4f13.1!3m3!1m2!1s0x0%3A0x70a110e167528b60!2zQ8O0bmcgdHkgY-G7lSBwaOG6p24gZ2nhuqNpIHBow6FwIGPDtG5nIG5naOG7hyBi4bqldCDEkcO0bmcgc-G6o24gdsOgIMSR4bqndSB0xrAgUkVUSQ!5e0!3m2!1svi!2s!4v1591958787123!5m2!1svi!2s\" width=\"600\" height=\"450\" frameborder=\"0\" src=\"data:image\/svg+xml;base64,PHN2ZyB3aWR0aD0iMSIgaGVpZ2h0PSIxIiB4bWxucz0iaHR0cDovL3d3dy53My5vcmcvMjAwMC9zdmciPjwvc3ZnPg==\" class=\"lazyload\" data-load-mode=\"1\"><\/iframe> <!-- ... and here --><\/div>\r\n","protected":false},"excerpt":{"rendered":"<p>Quy tr\u00ecnh tr\u1edf th\u00e0nh RETIAN B\u01b0\u1edbc 1 \u0110\u0103ng k\u00fd th\u00f4ng tin t\u1ea1i \u0111\u00e2y Ho\u00e0n to\u00e0n mi\u1ec5n ph\u00ed v\u00e0 ch\u1ec9 m\u1ea5t 3s \u0111\u1ec3 \u0111\u0103ng k\u00fd. L\u01b0u \u00fd \u0111\u00e2y l\u00e0 th\u00f4ng tin gi\u00fap RETI li\u00ean l\u1ea1c v\u1edbi b\u1ea1n, n\u00ean h\u00e3y \u0111i\u1ec1n th\u1eadt ch\u00ednh x\u00e1c nh\u00e9.RETI cam k\u1ebft ch\u1ec9 s\u1eed d\u1ee5ng d\u1eef li\u1ec7u c\u00e1 nh\u00e2n cho m\u1ee5c \u0111\u00edch [&hellip;]<\/p>\n","protected":false},"author":36,"featured_media":0,"parent":0,"menu_order":0,"comment_status":"closed","ping_status":"closed","template":"fullwidth-page.php","meta":{"tdm_status":"","tdm_grid_status":"","footnotes":""},"class_list":["post-6960","page","type-page","status-publish"],"_links":{"self":[{"href":"https:\/\/reti.vn\/blog\/wp-json\/wp\/v2\/pages\/6960","targetHints":{"allow":["GET"]}}],"collection":[{"href":"https:\/\/reti.vn\/blog\/wp-json\/wp\/v2\/pages"}],"about":[{"href":"https:\/\/reti.vn\/blog\/wp-json\/wp\/v2\/types\/page"}],"author":[{"embeddable":true,"href":"https:\/\/reti.vn\/blog\/wp-json\/wp\/v2\/users\/36"}],"replies":[{"embeddable":true,"href":"https:\/\/reti.vn\/blog\/wp-json\/wp\/v2\/comments?post=6960"}],"version-history":[{"count":0,"href":"https:\/\/reti.vn\/blog\/wp-json\/wp\/v2\/pages\/6960\/revisions"}],"wp:attachment":[{"href":"https:\/\/reti.vn\/blog\/wp-json\/wp\/v2\/media?parent=6960"}],"curies":[{"name":"wp","href":"https:\/\/api.w.org\/{rel}","templated":true}]}}